{"id":809,"date":"2025-06-25T16:18:26","date_gmt":"2025-06-25T19:18:26","guid":{"rendered":"https:\/\/www.santacasadelrei.com.br\/sasc\/?page_id=809"},"modified":"2025-12-29T11:17:14","modified_gmt":"2025-12-29T14:17:14","slug":"idss-2024","status":"publish","type":"page","link":"https:\/\/www.santacasadelrei.com.br\/sasc\/idss-2024\/","title":{"rendered":"IDSS 2024"},"content":{"rendered":"\n<p><\/p>\n\n\n\n<p><strong>IDSS 2025 (ano-base 2024)<\/strong><\/p>\n\n\n\n<p>O <strong>Programa de Qualifica\u00e7\u00e3o de Operadoras (PQO)<\/strong> \u00e9 uma inciativa desenvolvida pela <strong>Ag\u00eancia Nacional de Sa\u00fade Suplementar (ANS)<\/strong> para avali\u00e7\u00e3o anual do desempenho das operadoras de planos de sa\u00fade.<br>O programa tem como objetivos estimular a melhoria da qualidade do setor, reduzir a assimetria de informa\u00e7\u00f5es, ampliar o poder de escolha dos benefici\u00e1rios e fornecer subs\u00eddios para o aprimoramento da gest\u00e3o das operadoras e das a\u00e7\u00f5es regulat\u00f3rias da ANS.<\/p>\n\n\n\n<p>\u201cMais informa\u00e7\u00f5es podem ser obtidas no site da ANS:<br>&nbsp;<a href=\"http:\/\/www.ans.gov.br\/\" target=\"_blank\" rel=\"noreferrer noopener\">http:\/\/www.ans.gov.br<\/a>&nbsp;\u201c<\/p>\n\n\n\n<p>O&nbsp;IDSS&nbsp;\u00e9 composto por indicadores agrupados em&nbsp;quatro dimens\u00f5es. A seguir, apresenta-se o resultado do&nbsp;<strong>IDSS 2025 (ano-base 2024)<\/strong>&nbsp;do&nbsp;<strong>SASC<\/strong>, com as respectivas notas por dimens\u00e3o.<\/p>\n\n\n\n<h5 class=\"wp-block-heading\"><strong>Dados da operadora SANTA CASA DA MISERIC\u00d3RDIA DE S\u00c3O JO\u00c3O DEL REI<\/strong><\/h5>\n\n\n\n<figure class=\"wp-block-table\"><table class=\"has-fixed-layout\"><tbody><tr><td>Nome Fantasia<\/td><td>SASC SANTA CASA DE SA\u00daDE COMPLEMENTAR<\/td><\/tr><tr><td>Registro ANS<\/td><td>40852-2<\/td><\/tr><tr><td>CNPJ<\/td><td>24.729.097\/0001-36<\/td><\/tr><tr><td>Raz\u00e3o Social<\/td><td>SANTA CASA DA MISERIC\u00d3RDIA DE S\u00c3O JO\u00c3O DEL REI<\/td><\/tr><tr><td>Situa\u00e7\u00e3o do Registro ANS<\/td><td>Ativa<\/td><\/tr><tr><td>Total de Consumidores<\/td><td>1.860<\/td><\/tr><tr><td>Tipo<\/td><td>Operadora m\u00e9dico-hospitalar<\/td><\/tr><tr><td>Modalidade<\/td><td>Filantropia<\/td><\/tr><\/tbody><\/table><\/figure>\n\n\n\n<figure class=\"wp-block-image size-large\"><img loading=\"lazy\" decoding=\"async\" width=\"1024\" height=\"459\" src=\"http:\/\/www.santacasadelrei.com.br\/sasc\/wp-content\/uploads\/2025\/12\/informacoes_operadora-1-1024x459.jpg\" alt=\"\" class=\"wp-image-839\" srcset=\"https:\/\/www.santacasadelrei.com.br\/sasc\/wp-content\/uploads\/2025\/12\/informacoes_operadora-1-1024x459.jpg 1024w, https:\/\/www.santacasadelrei.com.br\/sasc\/wp-content\/uploads\/2025\/12\/informacoes_operadora-1-300x134.jpg 300w, https:\/\/www.santacasadelrei.com.br\/sasc\/wp-content\/uploads\/2025\/12\/informacoes_operadora-1-768x344.jpg 768w, https:\/\/www.santacasadelrei.com.br\/sasc\/wp-content\/uploads\/2025\/12\/informacoes_operadora-1-1536x688.jpg 1536w, https:\/\/www.santacasadelrei.com.br\/sasc\/wp-content\/uploads\/2025\/12\/informacoes_operadora-1-2048x918.jpg 2048w\" sizes=\"auto, (max-width: 1024px) 100vw, 1024px\" \/><\/figure>\n\n\n\n<figure class=\"wp-block-image size-large\"><img loading=\"lazy\" decoding=\"async\" width=\"791\" height=\"1024\" src=\"http:\/\/www.santacasadelrei.com.br\/sasc\/wp-content\/uploads\/2025\/12\/informacoes_operadora-2-791x1024.jpg\" alt=\"\" class=\"wp-image-840\" srcset=\"https:\/\/www.santacasadelrei.com.br\/sasc\/wp-content\/uploads\/2025\/12\/informacoes_operadora-2-791x1024.jpg 791w, https:\/\/www.santacasadelrei.com.br\/sasc\/wp-content\/uploads\/2025\/12\/informacoes_operadora-2-232x300.jpg 232w, https:\/\/www.santacasadelrei.com.br\/sasc\/wp-content\/uploads\/2025\/12\/informacoes_operadora-2-768x994.jpg 768w, https:\/\/www.santacasadelrei.com.br\/sasc\/wp-content\/uploads\/2025\/12\/informacoes_operadora-2-1186x1536.jpg 1186w, https:\/\/www.santacasadelrei.com.br\/sasc\/wp-content\/uploads\/2025\/12\/informacoes_operadora-2-1582x2048.jpg 1582w, https:\/\/www.santacasadelrei.com.br\/sasc\/wp-content\/uploads\/2025\/12\/informacoes_operadora-2-scaled.jpg 1977w\" sizes=\"auto, (max-width: 791px) 100vw, 791px\" \/><\/figure>\n\n\n\n<figure class=\"wp-block-image size-large\"><img loading=\"lazy\" decoding=\"async\" width=\"1024\" height=\"820\" src=\"http:\/\/www.santacasadelrei.com.br\/sasc\/wp-content\/uploads\/2025\/12\/informacoes_operadora-3-1024x820.jpg\" alt=\"\" class=\"wp-image-841\" srcset=\"https:\/\/www.santacasadelrei.com.br\/sasc\/wp-content\/uploads\/2025\/12\/informacoes_operadora-3-1024x820.jpg 1024w, https:\/\/www.santacasadelrei.com.br\/sasc\/wp-content\/uploads\/2025\/12\/informacoes_operadora-3-300x240.jpg 300w, https:\/\/www.santacasadelrei.com.br\/sasc\/wp-content\/uploads\/2025\/12\/informacoes_operadora-3-768x615.jpg 768w, https:\/\/www.santacasadelrei.com.br\/sasc\/wp-content\/uploads\/2025\/12\/informacoes_operadora-3-1536x1230.jpg 1536w, https:\/\/www.santacasadelrei.com.br\/sasc\/wp-content\/uploads\/2025\/12\/informacoes_operadora-3-2048x1639.jpg 2048w\" sizes=\"auto, (max-width: 1024px) 100vw, 1024px\" \/><\/figure>\n\n\n\n<figure class=\"wp-block-image size-large\"><img loading=\"lazy\" decoding=\"async\" width=\"1024\" height=\"644\" src=\"http:\/\/www.santacasadelrei.com.br\/sasc\/wp-content\/uploads\/2025\/12\/informacoes_operadora-4-1024x644.jpg\" alt=\"\" class=\"wp-image-842\" srcset=\"https:\/\/www.santacasadelrei.com.br\/sasc\/wp-content\/uploads\/2025\/12\/informacoes_operadora-4-1024x644.jpg 1024w, https:\/\/www.santacasadelrei.com.br\/sasc\/wp-content\/uploads\/2025\/12\/informacoes_operadora-4-300x189.jpg 300w, https:\/\/www.santacasadelrei.com.br\/sasc\/wp-content\/uploads\/2025\/12\/informacoes_operadora-4-768x483.jpg 768w, https:\/\/www.santacasadelrei.com.br\/sasc\/wp-content\/uploads\/2025\/12\/informacoes_operadora-4-1536x966.jpg 1536w, https:\/\/www.santacasadelrei.com.br\/sasc\/wp-content\/uploads\/2025\/12\/informacoes_operadora-4-2048x1288.jpg 2048w\" sizes=\"auto, (max-width: 1024px) 100vw, 1024px\" \/><\/figure>\n\n\n\n<p>Link do Programa no Portal da ANS:<br>&nbsp;<a href=\"https:\/\/www.ans.gov.br\/qualificacao_consumidor\/informacoes_operadora.asp?co_operadora_param=408522&amp;cd_processamento_param=20240101#consulta_idss\">https:\/\/www.ans.gov.br\/qualificacao_consumidor\/informacoes_operadora.asp?co_operadora_param=408522&amp;cd_processamento_param=20240101#consulta_idss<\/a><\/p>\n\n\n\n<p><\/p>\n","protected":false},"excerpt":{"rendered":"<p>IDSS 2025 (ano-base 2024) O Programa de Qualifica\u00e7\u00e3o de Operadoras (PQO) \u00e9 uma inciativa desenvolvida pela Ag\u00eancia Nacional de Sa\u00fade Suplementar (ANS) para avali\u00e7\u00e3o anual do desempenho das operadoras de planos de sa\u00fade.O programa tem como objetivos estimular a melhoria da qualidade do setor, reduzir a assimetria de informa\u00e7\u00f5es, ampliar o poder de escolha dos&hellip;&nbsp;<a href=\"https:\/\/www.santacasadelrei.com.br\/sasc\/idss-2024\/\" class=\"\" rel=\"bookmark\">Continue a ler &raquo;<span class=\"screen-reader-text\">IDSS 2024<\/span><\/a><\/p>\n","protected":false},"author":1,"featured_media":0,"parent":0,"menu_order":0,"comment_status":"closed","ping_status":"closed","template":"","meta":{"_monsterinsights_skip_tracking":false,"_monsterinsights_sitenote_active":false,"_monsterinsights_sitenote_note":"","_monsterinsights_sitenote_category":0,"neve_meta_sidebar":"","neve_meta_container":"","neve_meta_enable_content_width":"","neve_meta_content_width":0,"neve_meta_title_alignment":"","neve_meta_author_avatar":"","neve_post_elements_order":"","neve_meta_disable_header":"","neve_meta_disable_footer":"","neve_meta_disable_title":"","_themeisle_gutenberg_block_has_review":false,"_ti_tpc_template_sync":false,"_ti_tpc_template_id":"","footnotes":""},"class_list":["post-809","page","type-page","status-publish","hentry"],"aioseo_notices":[],"_links":{"self":[{"href":"https:\/\/www.santacasadelrei.com.br\/sasc\/wp-json\/wp\/v2\/pages\/809","targetHints":{"allow":["GET"]}}],"collection":[{"href":"https:\/\/www.santacasadelrei.com.br\/sasc\/wp-json\/wp\/v2\/pages"}],"about":[{"href":"https:\/\/www.santacasadelrei.com.br\/sasc\/wp-json\/wp\/v2\/types\/page"}],"author":[{"embeddable":true,"href":"https:\/\/www.santacasadelrei.com.br\/sasc\/wp-json\/wp\/v2\/users\/1"}],"replies":[{"embeddable":true,"href":"https:\/\/www.santacasadelrei.com.br\/sasc\/wp-json\/wp\/v2\/comments?post=809"}],"version-history":[{"count":12,"href":"https:\/\/www.santacasadelrei.com.br\/sasc\/wp-json\/wp\/v2\/pages\/809\/revisions"}],"predecessor-version":[{"id":844,"href":"https:\/\/www.santacasadelrei.com.br\/sasc\/wp-json\/wp\/v2\/pages\/809\/revisions\/844"}],"wp:attachment":[{"href":"https:\/\/www.santacasadelrei.com.br\/sasc\/wp-json\/wp\/v2\/media?parent=809"}],"curies":[{"name":"wp","href":"https:\/\/api.w.org\/{rel}","templated":true}]}}