{"id":801,"date":"2025-02-27T14:23:22","date_gmt":"2025-02-27T17:23:22","guid":{"rendered":"https:\/\/www.santacasadelrei.com.br\/sasc\/?page_id=801"},"modified":"2025-02-27T14:30:18","modified_gmt":"2025-02-27T17:30:18","slug":"reajuste-2025","status":"publish","type":"page","link":"https:\/\/www.santacasadelrei.com.br\/sasc\/planos\/reajuste\/reajuste-2025\/","title":{"rendered":"Reajuste 2025"},"content":{"rendered":"\n<p><strong>REAJUSTE DE MENSALIDADES PARA CONTRATOS COM AT\u00c9 29 BENEFICI\u00c1RIOS \u2013 RN\/ANS N\u00ba 309<\/strong><\/p>\n\n\n\n<p>O reajuste anual das mensalidades para contratos coletivos com at\u00e9 29 benefici\u00e1rios que fazem parte do agrupamento de contratos, conforme determina a resolu\u00e7\u00e3o informativa \u2013 RN N\u00ba309 da ANS \u00e9 de\u00a0<strong>8,44%<\/strong>. Aplicado no per\u00edodo de\u00a0<strong>Maio\/2025 a Abril\/2026<\/strong>, conforme o m\u00eas de anivers\u00e1rio do contrato.<\/p>\n\n\n\n<p>A rela\u00e7\u00e3o dos contratos e dos respectivos planos contratados agregados ao agrupamento \u00e9 a seguinte:<\/p>\n\n\n\n<figure class=\"wp-block-table\"><table class=\"has-fixed-layout\"><tbody><tr><td class=\"has-text-align-center\" data-align=\"center\">N\u00ba Contrato<\/td><td class=\"has-text-align-center\" data-align=\"center\">100178<\/td><\/tr><tr><td class=\"has-text-align-center\" data-align=\"center\">Planos Contratados \u2013 Reg. na ANS<\/td><td class=\"has-text-align-center\" data-align=\"center\">437.970\/02-5<\/td><\/tr><\/tbody><\/table><\/figure>\n\n\n\n<p><\/p>\n","protected":false},"excerpt":{"rendered":"<p>REAJUSTE DE MENSALIDADES PARA CONTRATOS COM AT\u00c9 29 BENEFICI\u00c1RIOS \u2013 RN\/ANS N\u00ba 309 O reajuste anual das mensalidades para contratos coletivos com at\u00e9 29 benefici\u00e1rios que fazem parte do agrupamento de contratos, conforme determina a resolu\u00e7\u00e3o informativa \u2013 RN N\u00ba309 da ANS \u00e9 de\u00a08,44%. Aplicado no per\u00edodo de\u00a0Maio\/2025 a Abril\/2026, conforme o m\u00eas de anivers\u00e1rio&hellip;&nbsp;<a href=\"https:\/\/www.santacasadelrei.com.br\/sasc\/planos\/reajuste\/reajuste-2025\/\" class=\"\" rel=\"bookmark\">Continue a ler &raquo;<span class=\"screen-reader-text\">Reajuste 2025<\/span><\/a><\/p>\n","protected":false},"author":1,"featured_media":712,"parent":66,"menu_order":0,"comment_status":"closed","ping_status":"closed","template":"","meta":{"_monsterinsights_skip_tracking":false,"_monsterinsights_sitenote_active":false,"_monsterinsights_sitenote_note":"","_monsterinsights_sitenote_category":0,"neve_meta_sidebar":"","neve_meta_container":"","neve_meta_enable_content_width":"","neve_meta_content_width":0,"neve_meta_title_alignment":"","neve_meta_author_avatar":"","neve_post_elements_order":"","neve_meta_disable_header":"","neve_meta_disable_footer":"","neve_meta_disable_title":"","_themeisle_gutenberg_block_has_review":false,"_ti_tpc_template_sync":false,"_ti_tpc_template_id":"","footnotes":""},"class_list":["post-801","page","type-page","status-publish","has-post-thumbnail","hentry"],"aioseo_notices":[],"_links":{"self":[{"href":"https:\/\/www.santacasadelrei.com.br\/sasc\/wp-json\/wp\/v2\/pages\/801","targetHints":{"allow":["GET"]}}],"collection":[{"href":"https:\/\/www.santacasadelrei.com.br\/sasc\/wp-json\/wp\/v2\/pages"}],"about":[{"href":"https:\/\/www.santacasadelrei.com.br\/sasc\/wp-json\/wp\/v2\/types\/page"}],"author":[{"embeddable":true,"href":"https:\/\/www.santacasadelrei.com.br\/sasc\/wp-json\/wp\/v2\/users\/1"}],"replies":[{"embeddable":true,"href":"https:\/\/www.santacasadelrei.com.br\/sasc\/wp-json\/wp\/v2\/comments?post=801"}],"version-history":[{"count":3,"href":"https:\/\/www.santacasadelrei.com.br\/sasc\/wp-json\/wp\/v2\/pages\/801\/revisions"}],"predecessor-version":[{"id":805,"href":"https:\/\/www.santacasadelrei.com.br\/sasc\/wp-json\/wp\/v2\/pages\/801\/revisions\/805"}],"up":[{"embeddable":true,"href":"https:\/\/www.santacasadelrei.com.br\/sasc\/wp-json\/wp\/v2\/pages\/66"}],"wp:featuredmedia":[{"embeddable":true,"href":"https:\/\/www.santacasadelrei.com.br\/sasc\/wp-json\/wp\/v2\/media\/712"}],"wp:attachment":[{"href":"https:\/\/www.santacasadelrei.com.br\/sasc\/wp-json\/wp\/v2\/media?parent=801"}],"curies":[{"name":"wp","href":"https:\/\/api.w.org\/{rel}","templated":true}]}}