{"id":8,"date":"2024-04-22T17:24:36","date_gmt":"2024-04-22T20:24:36","guid":{"rendered":"http:\/\/localhost\/santacasanovo\/SASC\/?page_id=8"},"modified":"2024-04-23T19:56:13","modified_gmt":"2024-04-23T22:56:13","slug":"o-sasc","status":"publish","type":"page","link":"https:\/\/www.santacasadelrei.com.br\/sasc\/o-sasc\/","title":{"rendered":"O SASC"},"content":{"rendered":"<style>#rpg-451 .img-slider-item .caption { background-color: #ffffff;  }#rpg-451 .img-slider-item .figc {color:#ffffff;}#rpg-451 .rpg-title {  font-size: 18px; }#rpg-451 { width:100%;}#rpg-451  p.description { color:#ffffff;font-size:14px; }#rpg-451  .rpg-title { color:#ffffff; }<\/style>\n\r\n\r\n\r\n\r\n<div id=\"rpg-451\" class=\"img-slider image-slider \" style=\"margin: 50px auto;\" data-config=\"{&quot;columns&quot;:12,&quot;gutter&quot;:8}\">\r\n\r\n\r\n<style type=\"text\/css\">\r\n    .img-slider-swiper-button-prev {\r\n        position: relative;\r\n        width: auto;\r\n        height: auto;\r\n        padding: 5px 20px !important;\r\n        background: transparent; \r\n        border-radius: 0%; \r\n        background-position: -82px -22px;\r\n        cursor: pointer;\r\n        top: 45%;\r\n        left: 30px;\r\n        margin-top: -25px;\r\n        position: absolute;\r\n        z-index: 110;\r\n    }\r\n\r\n    .img-slider-swiper-button-next {\r\n        position: relative;\r\n        right: 30px;\r\n        left: auto;\r\n        background-position: -81px -99px;\r\n        padding: 5px 20px !important;\r\n        width: auto;\r\n        height: auto;\r\n        background: transparent; \r\n        border-radius: 0%;\r\n        cursor: pointer;\r\n        top: 45%;\r\n        margin-top: -25px;\r\n        position: absolute;\r\n        z-index: 110;\r\n    }\r\n\r\n    .img-slider-swiper-button-next:after, .img-slider-swiper-button-prev:after{\r\n        font-size: 32px; \r\n        font-weight: bold;\r\n        color: #107eb6;  \r\n    }\r\n\r\n    .img-slider-swiper-button-prev:hover,\r\n    .img-slider-swiper-button-next:hover {\r\n        background: #107eb6;\r\n    }\r\n\r\n    .img-slider-boxed-prev:hover .img-slider-swiper-button-prev:after,\r\n    .img-slider-boxed-next:hover .img-slider-swiper-button-next:after{\r\n        color: #fff;\r\n    }\r\n\r\n    .img-slider .swiper-slide img{\r\n      width: 100%;\r\n      height: auto;\r\n    }\r\n\r\n    \/*.img-slider .swiper-container {\r\n      width: 50% !important;\r\n    }*\/\r\n\r\n\r\n   \/* .img-slider .swiper-slide img{\r\n      max-width: 100vw;\r\n      height: 700px;\r\n      \/\/width:1920px;\r\n    }*\/\r\n\r\n<\/style>\r\n<!-- Swiper -->\r\n<div class=\"swiper-container img-slider-swiper-boxed\">\r\n   <div class=\"swiper-wrapper\">\r\n                              \r\n\r\n                        <div class=\"swiper-slide\" style=\"width:100px !important;\"><img decoding=\"async\" src=\"https:\/\/www.santacasadelrei.com.br\/sasc\/wp-content\/uploads\/2024\/04\/header-1-1920x800.jpg\">\r\n                                                  <\/div>\r\n                        \r\n        \r\n        <\/div>\r\n          <!-- Add Pagination -->\r\n      <div class=\"swiper-pagination\"><\/div>\r\n          <div style=\"margin-top: 0px;\r\n        width: 100%;\r\n        display: flex;\r\n        align-items: center;\r\n        justify-content: center;\">\r\n        <img decoding=\"async\" src=\"https:\/\/www.santacasadelrei.com.br\/sasc\/wp-content\/plugins\/image-slider-slideshow\/assets\/images\/dark.png\" >\r\n     <\/div>\r\n      <!-- Add Arrows -->\r\n              <div class=\"img-slider-boxed-next\">\r\n          <div class=\"img-slider-swiper-button-next\"><\/div>\r\n        <\/div>\r\n        <div class=\"img-slider-boxed-prev\">\r\n            <div class=\"img-slider-swiper-button-prev\"><\/div>\r\n        <\/div>\r\n        <\/div>\r\n  \r\n  <script type=\"text\/javascript\">\r\n     var auto_play = '1';\r\n     var slide_duration = '3000';\r\n\r\n     auto_play = (auto_play==1) ? { delay: slide_duration, disableOnInteraction: false,} : false;\r\n     \r\n     \/*1 Boxed Slider*\/\r\n        var swiper = new Swiper('.img-slider-swiper-boxed', {\r\n              spaceBetween: 30,\r\n              \/\/effect: 'flip',\r\n              effect: 'fade',\/\/for fade effect\r\n              \r\n              centeredSlides: true,\r\n              \r\n              autoHeight: true,\r\n              autoplay: auto_play,\r\n\r\n              pagination: {\r\n                el: '.swiper-pagination',\r\n                clickable: true,\r\n              },\r\n              navigation: {\r\n                nextEl: '.img-slider-swiper-button-next',\r\n                prevEl: '.img-slider-swiper-button-prev',\r\n              },\r\n              keyboard: {\r\n                enabled: true, \/\/for keyboard control\r\n              },\r\n              slidesPerView: 'auto',\r\n            });\r\n\r\n  <\/script><\/div>\r\n\r\n\r\n\r\n\r\n\r\n\t\r\n\r\n\n<p>O SASC<\/p>\n<p>\u201cA Santa Casa ficou \u00f3rf\u00e3 naquele dia\u201d, diz o cardiologista Paulo C\u00e9sar de Ara\u00fajo Rangel ao lembrar a morte de Tancredo de Almeida Neves, em 21 de abril de 1985. Hoje, mais de tr\u00eas d\u00e9cadas\u00a0depois, a institui\u00e7\u00e3o de sa\u00fade conta com grandes benfeitores do Poder P\u00fablico que a defendem e auxiliam em sua miss\u00e3o de atender os pacientes que a procuram.<\/p>\n<p>Mas n\u00e3o era essa a realidade da \u00e9poca. O falecimento de Tancredo marcou a hist\u00f3ria do pa\u00eds. E mudou os rumos da Santa Casa tamb\u00e9m. Ele foi provedor da institui\u00e7\u00e3o entre 1963 e 1970, al\u00e9m de ser um importante protetor do espa\u00e7o que socorria milhares em sua cidade natal. \u201cEle priorizava a sa\u00fade e a tinha como norte na atua\u00e7\u00e3o pol\u00edtica. Sempre foi assim. Exatamente por isso, e por saber da import\u00e2ncia da Santa Casa na regi\u00e3o, ajudava no que fosse preciso para que ela continuasse de p\u00e9. Perd\u00ea-lo foi um baque pessoal e institucional\u201d, lembra Dr. Paulo C\u00e9sar Rangel, que viria a assumir a provedoria exatamente tr\u00eas anos depois.<\/p>\n<p>E foi em meio ao baque e \u00e0s d\u00favidas que um novo projeto surgiu: o SASC, plano de sa\u00fade pr\u00f3prio da Santa Casa da Miseric\u00f3rdia.<\/p>\n<p>ORIGENS<br \/>\n\u201cFui provedor entre 1988 e 1990. Assumi um cargo que j\u00e1 havia sido do Dr. Ant\u00f4nio de Andrade Reis, um dos maiores nomes da institui\u00e7\u00e3o; e do Tancredo. A morte dele foi equivalente \u00e0 perda do pai em uma fam\u00edlia. Passamos por uma situa\u00e7\u00e3o complicada e lutamos tanto pela sa\u00fade dos pacientes quanto da pr\u00f3pria Santa Casa. Era como se ela respirasse com a ajuda de aparelhos\u201d, conta Rangel enquanto relembra a diminui\u00e7\u00e3o de repasses e recursos importantes para a Casa de Sa\u00fade a partir de 85. \u201cEnt\u00e3o percebemos que a Santa Casa precisava encontrar uma forma de caminhar com as pr\u00f3prias pernas. A\u00ed comecei a acalentar um desejo: o de criar um Plano de Sa\u00fade\u201d, conta.<\/p>\n<p>A iniciativa, por\u00e9m, precisava de tempo e apoio para ser implantada. Nada disso faltou. Ao apresentar a proposta ao provedor da \u00e9poca, Dr. Ant\u00f4nio de Andrade Reis Filho, Rangel recebeu motiva\u00e7\u00e3o irrestrita e, em 1992, o SASC foi lan\u00e7ado oficialmente.<\/p>\n<p>Uma proposta ousada para uma cidade do interior. \u201cImaginar uma Santa Casa com a pr\u00f3pria operadora de sa\u00fade, naquela \u00e9poca, era\u00a0algo muito dif\u00edcil. Mas tivemos essa coragem. Deu certo\u201d, lembra o cardiologista, que segue como auditor do plano.<\/p>\n<p>O SASC \u00e9, hoje, respons\u00e1vel por parte dos recursos que mant\u00eam a Santa Casa aberta. Foi o ponto de partida para a autonomia da institui\u00e7\u00e3o e base de sustento para momentos de crise. Atualmente, cerca de 3,5 mil pessoas contam com o plano de interna\u00e7\u00e3o hospitalar que oferece, ainda, descontos em consultas cl\u00ednicas realizadas dentro da institui\u00e7\u00e3o.<\/p>\n","protected":false},"excerpt":{"rendered":"<p>O SASC \u201cA Santa Casa ficou \u00f3rf\u00e3 naquele dia\u201d, diz o cardiologista Paulo C\u00e9sar de Ara\u00fajo Rangel ao lembrar a morte de Tancredo de Almeida Neves, em 21 de abril de 1985. Hoje, mais de tr\u00eas d\u00e9cadas\u00a0depois, a institui\u00e7\u00e3o de sa\u00fade conta com grandes benfeitores do Poder P\u00fablico que a defendem e auxiliam em sua&hellip;&nbsp;<a href=\"https:\/\/www.santacasadelrei.com.br\/sasc\/o-sasc\/\" class=\"\" rel=\"bookmark\">Continue a ler &raquo;<span class=\"screen-reader-text\">O SASC<\/span><\/a><\/p>\n","protected":false},"author":1,"featured_media":0,"parent":0,"menu_order":0,"comment_status":"closed","ping_status":"closed","template":"","meta":{"_monsterinsights_skip_tracking":false,"_monsterinsights_sitenote_active":false,"_monsterinsights_sitenote_note":"","_monsterinsights_sitenote_category":0,"neve_meta_sidebar":"left","neve_meta_container":"contained","neve_meta_enable_content_width":"off","neve_meta_content_width":100,"neve_meta_title_alignment":"","neve_meta_author_avatar":"","neve_post_elements_order":"","neve_meta_disable_header":"","neve_meta_disable_footer":"","neve_meta_disable_title":"on","_themeisle_gutenberg_block_has_review":false,"_ti_tpc_template_sync":false,"_ti_tpc_template_id":"","footnotes":""},"class_list":["post-8","page","type-page","status-publish","hentry"],"aioseo_notices":[],"_links":{"self":[{"href":"https:\/\/www.santacasadelrei.com.br\/sasc\/wp-json\/wp\/v2\/pages\/8","targetHints":{"allow":["GET"]}}],"collection":[{"href":"https:\/\/www.santacasadelrei.com.br\/sasc\/wp-json\/wp\/v2\/pages"}],"about":[{"href":"https:\/\/www.santacasadelrei.com.br\/sasc\/wp-json\/wp\/v2\/types\/page"}],"author":[{"embeddable":true,"href":"https:\/\/www.santacasadelrei.com.br\/sasc\/wp-json\/wp\/v2\/users\/1"}],"replies":[{"embeddable":true,"href":"https:\/\/www.santacasadelrei.com.br\/sasc\/wp-json\/wp\/v2\/comments?post=8"}],"version-history":[{"count":22,"href":"https:\/\/www.santacasadelrei.com.br\/sasc\/wp-json\/wp\/v2\/pages\/8\/revisions"}],"predecessor-version":[{"id":455,"href":"https:\/\/www.santacasadelrei.com.br\/sasc\/wp-json\/wp\/v2\/pages\/8\/revisions\/455"}],"wp:attachment":[{"href":"https:\/\/www.santacasadelrei.com.br\/sasc\/wp-json\/wp\/v2\/media?parent=8"}],"curies":[{"name":"wp","href":"https:\/\/api.w.org\/{rel}","templated":true}]}}