{"id":726,"date":"2024-05-06T10:49:14","date_gmt":"2024-05-06T13:49:14","guid":{"rendered":"https:\/\/www.santacasadelrei.com.br\/sasc\/?page_id=726"},"modified":"2024-05-06T10:51:18","modified_gmt":"2024-05-06T13:51:18","slug":"reajuste-2024","status":"publish","type":"page","link":"https:\/\/www.santacasadelrei.com.br\/sasc\/planos\/reajuste\/reajuste-2024\/","title":{"rendered":"Reajuste 2024"},"content":{"rendered":"<p class=\"has-text-align-center\"><strong>REAJUSTE DE MENSALIDADES PARA CONTRATOS COM AT\u00c9 29 BENEFICI\u00c1RIOS \u2013 RN\/ANS N\u00ba 309<\/strong><\/p>\r\n<!-- \/wp:post-content -->\r\n\r\n<!-- wp:paragraph -->\r\n<p>O reajuste anual das mensalidades para contratos coletivos com at\u00e9 29 benefici\u00e1rios que fazem parte do agrupamento de contratos, conforme determina a resolu\u00e7\u00e3o informativa \u2013 RN N\u00ba309 da ANS \u00e9 de\u00a0<strong>0,0%<\/strong>. Aplicado no per\u00edodo de\u00a0<strong>Maio\/2024 a Abril\/2025<\/strong>, conforme o m\u00eas de anivers\u00e1rio do contrato.<\/p>\r\n<!-- \/wp:paragraph -->\r\n\r\n<!-- wp:paragraph -->\r\n<p>A rela\u00e7\u00e3o dos contratos e dos respectivos planos contratados agregados ao agrupamento \u00e9 a seguinte:<\/p>\r\n<!-- \/wp:paragraph -->\r\n\r\n<!-- wp:table -->\r\n<figure class=\"wp-block-table\">\r\n<table>\r\n<tbody>\r\n<tr>\r\n<td class=\"has-text-align-center\" data-align=\"center\">\u00a0N\u00ba Contrato<\/td>\r\n<td class=\"has-text-align-center\" data-align=\"center\">100178<\/td>\r\n<td class=\"has-text-align-center\" data-align=\"center\">\u00a0<\/td>\r\n<\/tr>\r\n<tr>\r\n<td class=\"has-text-align-center\" data-align=\"center\">\u00a0Planos Contratados \u2013 Reg. na ANS<\/td>\r\n<td class=\"has-text-align-center\" data-align=\"center\">\u00a0437.970\/02-5<\/td>\r\n<td class=\"has-text-align-center\" data-align=\"center\">\u00a0<\/td>\r\n<\/tr>\r\n<\/tbody>\r\n<\/table>\r\n<\/figure>","protected":false},"excerpt":{"rendered":"<p>REAJUSTE DE MENSALIDADES PARA CONTRATOS COM AT\u00c9 29 BENEFICI\u00c1RIOS \u2013 RN\/ANS N\u00ba 309 O reajuste anual das mensalidades para contratos coletivos com at\u00e9 29 benefici\u00e1rios que fazem parte do agrupamento de contratos, conforme determina a resolu\u00e7\u00e3o informativa \u2013 RN N\u00ba309 da ANS \u00e9 de\u00a00,0%. Aplicado no per\u00edodo de\u00a0Maio\/2024 a Abril\/2025, conforme o m\u00eas de anivers\u00e1rio&hellip;&nbsp;<a href=\"https:\/\/www.santacasadelrei.com.br\/sasc\/planos\/reajuste\/reajuste-2024\/\" class=\"\" rel=\"bookmark\">Continue a ler &raquo;<span class=\"screen-reader-text\">Reajuste 2024<\/span><\/a><\/p>\n","protected":false},"author":1,"featured_media":712,"parent":66,"menu_order":0,"comment_status":"closed","ping_status":"closed","template":"","meta":{"_monsterinsights_skip_tracking":false,"_monsterinsights_sitenote_active":false,"_monsterinsights_sitenote_note":"","_monsterinsights_sitenote_category":0,"neve_meta_sidebar":"","neve_meta_container":"","neve_meta_enable_content_width":"off","neve_meta_content_width":100,"neve_meta_title_alignment":"","neve_meta_author_avatar":"","neve_post_elements_order":"","neve_meta_disable_header":"","neve_meta_disable_footer":"","neve_meta_disable_title":"","_themeisle_gutenberg_block_has_review":false,"_ti_tpc_template_sync":false,"_ti_tpc_template_id":"","footnotes":""},"class_list":["post-726","page","type-page","status-publish","has-post-thumbnail","hentry"],"aioseo_notices":[],"_links":{"self":[{"href":"https:\/\/www.santacasadelrei.com.br\/sasc\/wp-json\/wp\/v2\/pages\/726","targetHints":{"allow":["GET"]}}],"collection":[{"href":"https:\/\/www.santacasadelrei.com.br\/sasc\/wp-json\/wp\/v2\/pages"}],"about":[{"href":"https:\/\/www.santacasadelrei.com.br\/sasc\/wp-json\/wp\/v2\/types\/page"}],"author":[{"embeddable":true,"href":"https:\/\/www.santacasadelrei.com.br\/sasc\/wp-json\/wp\/v2\/users\/1"}],"replies":[{"embeddable":true,"href":"https:\/\/www.santacasadelrei.com.br\/sasc\/wp-json\/wp\/v2\/comments?post=726"}],"version-history":[{"count":2,"href":"https:\/\/www.santacasadelrei.com.br\/sasc\/wp-json\/wp\/v2\/pages\/726\/revisions"}],"predecessor-version":[{"id":729,"href":"https:\/\/www.santacasadelrei.com.br\/sasc\/wp-json\/wp\/v2\/pages\/726\/revisions\/729"}],"up":[{"embeddable":true,"href":"https:\/\/www.santacasadelrei.com.br\/sasc\/wp-json\/wp\/v2\/pages\/66"}],"wp:featuredmedia":[{"embeddable":true,"href":"https:\/\/www.santacasadelrei.com.br\/sasc\/wp-json\/wp\/v2\/media\/712"}],"wp:attachment":[{"href":"https:\/\/www.santacasadelrei.com.br\/sasc\/wp-json\/wp\/v2\/media?parent=726"}],"curies":[{"name":"wp","href":"https:\/\/api.w.org\/{rel}","templated":true}]}}