{"id":68,"date":"2024-04-22T17:52:16","date_gmt":"2024-04-22T20:52:16","guid":{"rendered":"http:\/\/localhost\/santacasanovo\/SASC\/?page_id=68"},"modified":"2024-04-26T14:08:04","modified_gmt":"2024-04-26T17:08:04","slug":"procedimentos","status":"publish","type":"page","link":"https:\/\/www.santacasadelrei.com.br\/sasc\/planos\/procedimentos\/","title":{"rendered":"Procedimentos"},"content":{"rendered":"\r\n<h3 class=\"wp-block-heading\"><strong>Nova Edi\u00e7\u00e3o do Rol de Procedimentos e Eventos em Sa\u00fade<\/strong><\/h3>\r\n\r\n\r\n\r\n<p>A partir de\u00a0<strong>2\/1\/2014<\/strong>\u00a0entrou em vigor a nova edi\u00e7\u00e3o do\u00a0<strong>Rol de Procedimentos e Eventos em Sa\u00fade. Esse Rol \u00e9 a lista dos procedimentos, exames e tratamentos com cobertura obrigat\u00f3ria pelos planos de sa\u00fade. A cobertura m\u00ednima obrigat\u00f3ria \u00e9 v\u00e1lida para planos de sa\u00fade contratados a partir de 1\u00ba de janeiro de 1999 e para aqueles adaptados conforme a Lei n\u00b0 9.656, de 3 de junho de 1998.<\/strong><\/p>\r\n\r\n\r\n\r\n<p>Tamb\u00e9m entraram em vigor as diretrizes de utiliza\u00e7\u00e3o que foram atualizadas e definem em que circunst\u00e2ncias alguns procedimentos t\u00eam direito a cobertura.<\/p>\r\n\r\n\r\n\r\n<p>Entre as novidades est\u00e3o 28 procedimentos de v\u00eddeo e alguns medicamentos orais para tratamento de c\u00e2ncer, com diretrizes para utiliza\u00e7\u00e3o.<\/p>\r\n\r\n\r\n\r\n<p>Clique nos links abaixo para visualizar o novo Rol.<\/p>\r\n\r\n\r\n\r\n<p><a title=\"\" href=\"http:\/\/www.santacasadelrei.com.br\/novo\/sasc\/wp-content\/uploads\/2024\/04\/Lista-de-inclusoes-2.pdf\">Lista de Inclus\u00f5es<\/a><br \/><a title=\"\" href=\"http:\/\/www.santacasadelrei.com.br\/novo\/sasc\/wp-content\/uploads\/2024\/04\/Medicamentos-terapia-antineoplasica-oral-2.pdf\">Medicamentos terapia antineopl\u00e1sica oral<\/a><\/p>\r\n","protected":false},"excerpt":{"rendered":"<p>Nova Edi\u00e7\u00e3o do Rol de Procedimentos e Eventos em Sa\u00fade A partir de\u00a02\/1\/2014\u00a0entrou em vigor a nova edi\u00e7\u00e3o do\u00a0Rol de Procedimentos e Eventos em Sa\u00fade. Esse Rol \u00e9 a lista dos procedimentos, exames e tratamentos com cobertura obrigat\u00f3ria pelos planos de sa\u00fade. A cobertura m\u00ednima obrigat\u00f3ria \u00e9 v\u00e1lida para planos de sa\u00fade contratados a partir&hellip;&nbsp;<a href=\"https:\/\/www.santacasadelrei.com.br\/sasc\/planos\/procedimentos\/\" class=\"\" rel=\"bookmark\">Continue a ler &raquo;<span class=\"screen-reader-text\">Procedimentos<\/span><\/a><\/p>\n","protected":false},"author":1,"featured_media":712,"parent":12,"menu_order":0,"comment_status":"closed","ping_status":"closed","template":"","meta":{"_monsterinsights_skip_tracking":false,"_monsterinsights_sitenote_active":false,"_monsterinsights_sitenote_note":"","_monsterinsights_sitenote_category":0,"neve_meta_sidebar":"","neve_meta_container":"","neve_meta_enable_content_width":"off","neve_meta_content_width":100,"neve_meta_title_alignment":"","neve_meta_author_avatar":"","neve_post_elements_order":"","neve_meta_disable_header":"","neve_meta_disable_footer":"","neve_meta_disable_title":"","_themeisle_gutenberg_block_has_review":false,"_ti_tpc_template_sync":false,"_ti_tpc_template_id":"","footnotes":""},"class_list":["post-68","page","type-page","status-publish","has-post-thumbnail","hentry"],"aioseo_notices":[],"_links":{"self":[{"href":"https:\/\/www.santacasadelrei.com.br\/sasc\/wp-json\/wp\/v2\/pages\/68","targetHints":{"allow":["GET"]}}],"collection":[{"href":"https:\/\/www.santacasadelrei.com.br\/sasc\/wp-json\/wp\/v2\/pages"}],"about":[{"href":"https:\/\/www.santacasadelrei.com.br\/sasc\/wp-json\/wp\/v2\/types\/page"}],"author":[{"embeddable":true,"href":"https:\/\/www.santacasadelrei.com.br\/sasc\/wp-json\/wp\/v2\/users\/1"}],"replies":[{"embeddable":true,"href":"https:\/\/www.santacasadelrei.com.br\/sasc\/wp-json\/wp\/v2\/comments?post=68"}],"version-history":[{"count":3,"href":"https:\/\/www.santacasadelrei.com.br\/sasc\/wp-json\/wp\/v2\/pages\/68\/revisions"}],"predecessor-version":[{"id":708,"href":"https:\/\/www.santacasadelrei.com.br\/sasc\/wp-json\/wp\/v2\/pages\/68\/revisions\/708"}],"up":[{"embeddable":true,"href":"https:\/\/www.santacasadelrei.com.br\/sasc\/wp-json\/wp\/v2\/pages\/12"}],"wp:featuredmedia":[{"embeddable":true,"href":"https:\/\/www.santacasadelrei.com.br\/sasc\/wp-json\/wp\/v2\/media\/712"}],"wp:attachment":[{"href":"https:\/\/www.santacasadelrei.com.br\/sasc\/wp-json\/wp\/v2\/media?parent=68"}],"curies":[{"name":"wp","href":"https:\/\/api.w.org\/{rel}","templated":true}]}}