{"id":62,"date":"2024-04-22T17:51:19","date_gmt":"2024-04-22T20:51:19","guid":{"rendered":"http:\/\/localhost\/santacasanovo\/SASC\/?page_id=62"},"modified":"2025-06-25T16:58:14","modified_gmt":"2025-06-25T19:58:14","slug":"individual","status":"publish","type":"page","link":"https:\/\/www.santacasadelrei.com.br\/sasc\/planos\/individual\/","title":{"rendered":"Individual"},"content":{"rendered":"\n<h4 class=\"wp-block-heading has-text-align-center\"><strong>PLANOS SASC<\/strong><br><strong>INDIVIDUAIS<\/strong> &#8211; 2025<\/h4>\n\n\n\n<figure class=\"wp-block-table is-style-regular\"><table class=\"has-fixed-layout\"><tbody><tr><td class=\"has-text-align-center\" data-align=\"center\"><\/td><td class=\"has-text-align-center\" data-align=\"center\"><span style=\"color: #1b90da;\"><strong>1 \u2013 PLANO HOSPITALAR COM OBSTETRICIA EM APARTAMENTO<\/strong><\/span><\/td><td class=\"has-text-align-center\" data-align=\"center\"><span style=\"color: #1b90da;\"><strong><strong>2 \u2013  PLANO HOSPITALAR SEM OBSTETRICIA EM APARTAMENTO<\/strong><\/strong><\/span><\/td><td class=\"has-text-align-center\" data-align=\"center\"><span style=\"color: #1b90da;\"><strong><strong>3 \u2013 PLANO HOSPITALAR COM OBSTETRICIA EM ENFERMARIA<\/strong><\/strong><\/span><\/td><td class=\"has-text-align-center\" data-align=\"center\"><span style=\"color: #1b90da;\"><strong><strong>4 \u2013 PLANO HOSPITALAR SEM OBSTETRICIA EM ENFERMARIA<\/strong><\/strong><\/span><\/td><\/tr><tr><td class=\"has-text-align-center\" data-align=\"center\"><span style=\"color: #1b90da;\"><strong>FAIXA ET\u00c1RIA<\/strong><\/span><\/td><td class=\"has-text-align-center\" data-align=\"center\"><\/td><td class=\"has-text-align-center\" data-align=\"center\"><\/td><td class=\"has-text-align-center\" data-align=\"center\"><\/td><td class=\"has-text-align-center\" data-align=\"center\"><\/td><\/tr><tr><td class=\"has-text-align-center\" data-align=\"center\">0 a 18 anos<\/td><td class=\"has-text-align-center\" data-align=\"center\">R$212,70<\/td><td class=\"has-text-align-center\" data-align=\"center\">R$181,70<\/td><td class=\"has-text-align-center\" data-align=\"center\">R$154,77<\/td><td class=\"has-text-align-center\" data-align=\"center\">R$137,37<\/td><\/tr><tr><td class=\"has-text-align-center\" data-align=\"center\">19 a 23 anos<\/td><td class=\"has-text-align-center\" data-align=\"center\">R$248,71<\/td><td class=\"has-text-align-center\" data-align=\"center\">R$212,48<\/td><td class=\"has-text-align-center\" data-align=\"center\">R$181,08<\/td><td class=\"has-text-align-center\" data-align=\"center\">R$160,68<\/td><\/tr><tr><td class=\"has-text-align-center\" data-align=\"center\">24 a 28 anos<\/td><td class=\"has-text-align-center\" data-align=\"center\">R$316,96<\/td><td class=\"has-text-align-center\" data-align=\"center\">R$270,77<\/td><td class=\"has-text-align-center\" data-align=\"center\">R$230,68<\/td><td class=\"has-text-align-center\" data-align=\"center\">R$204,78<\/td><\/tr><tr><td class=\"has-text-align-center\" data-align=\"center\">29 a 33 anos<\/td><td class=\"has-text-align-center\" data-align=\"center\">R$348,39<\/td><td class=\"has-text-align-center\" data-align=\"center\">R$297,64<\/td><td class=\"has-text-align-center\" data-align=\"center\">R$253,59<\/td><td class=\"has-text-align-center\" data-align=\"center\">R$225,07<\/td><\/tr><tr><td class=\"has-text-align-center\" data-align=\"center\">34 a 38 anos<\/td><td class=\"has-text-align-center\" data-align=\"center\">R$379,40<\/td><td class=\"has-text-align-center\" data-align=\"center\">R$324,12<\/td><td class=\"has-text-align-center\" data-align=\"center\">R$276,15<\/td><td class=\"has-text-align-center\" data-align=\"center\">R$245,16<\/td><\/tr><tr><td class=\"has-text-align-center\" data-align=\"center\">39 a 43 anos<\/td><td class=\"has-text-align-center\" data-align=\"center\">R$439,15<\/td><td class=\"has-text-align-center\" data-align=\"center\">R$375,20<\/td><td class=\"has-text-align-center\" data-align=\"center\">R$319,58<\/td><td class=\"has-text-align-center\" data-align=\"center\">R$283,66<\/td><\/tr><tr><td class=\"has-text-align-center\" data-align=\"center\">44 a 48 anos<\/td><td class=\"has-text-align-center\" data-align=\"center\">R$523,80<\/td><td class=\"has-text-align-center\" data-align=\"center\">R$447,49<\/td><td class=\"has-text-align-center\" data-align=\"center\">R$381,21<\/td><td class=\"has-text-align-center\" data-align=\"center\">R$338,46<\/td><\/tr><tr><td class=\"has-text-align-center\" data-align=\"center\">49 a 53 anos<\/td><td class=\"has-text-align-center\" data-align=\"center\">R$585,31<\/td><td class=\"has-text-align-center\" data-align=\"center\">R$500,04<\/td><td class=\"has-text-align-center\" data-align=\"center\">R$426,05<\/td><td class=\"has-text-align-center\" data-align=\"center\">R$378,10<\/td><\/tr><tr><td class=\"has-text-align-center\" data-align=\"center\">54 a 58 anos<\/td><td class=\"has-text-align-center\" data-align=\"center\">R$838,85<\/td><td class=\"has-text-align-center\" data-align=\"center\">R$716,67<\/td><td class=\"has-text-align-center\" data-align=\"center\">R$610,28<\/td><td class=\"has-text-align-center\" data-align=\"center\">R$541,91<\/td><\/tr><tr><td class=\"has-text-align-center\" data-align=\"center\">59 anos ou+<\/td><td class=\"has-text-align-center\" data-align=\"center\">R$1.245,86<\/td><td class=\"has-text-align-center\" data-align=\"center\">R$1.064,38<\/td><td class=\"has-text-align-center\" data-align=\"center\">R$906,76<\/td><td class=\"has-text-align-center\" data-align=\"center\">R$804,89<\/td><\/tr><\/tbody><\/table><\/figure>\n\n\n\n<figure class=\"wp-block-table is-style-regular\"><table><tbody><tr><td class=\"has-text-align-center\" data-align=\"center\"><span style=\"color: #1b90da;\"><strong>CAR\u00caNCIA<\/strong><\/span><\/td><td class=\"has-text-align-center\" data-align=\"center\"><span style=\"color: #1b90da;\"><strong>TEMPO<\/strong><\/span><\/td><\/tr><tr><td class=\"has-text-align-center\" data-align=\"center\">Urg\u00eancia\/Emerg\u00eancia<\/td><td class=\"has-text-align-center\" data-align=\"center\">24 Hrs<\/td><\/tr><tr><td class=\"has-text-align-center\" data-align=\"center\">Interna\u00e7\u00e3o Clinica<\/td><td class=\"has-text-align-center\" data-align=\"center\">180 Dias<\/td><\/tr><tr><td class=\"has-text-align-center\" data-align=\"center\">Interna\u00e7\u00e3o Cir\u00fargica<\/td><td class=\"has-text-align-center\" data-align=\"center\">180 Dias<\/td><\/tr><tr><td class=\"has-text-align-center\" data-align=\"center\">Parto<\/td><td class=\"has-text-align-center\" data-align=\"center\">300 Dias<\/td><\/tr><tr><td class=\"has-text-align-center\" data-align=\"center\">Doen\u00e7as e les\u00f5es Pr\u00e9-existentes<\/td><td class=\"has-text-align-center\" data-align=\"center\">24 Meses<\/td><\/tr><\/tbody><\/table><\/figure>\n\n\n\n<p class=\"has-text-align-center\">Contato:(32)3379-2039   &#8211;  WhatsApp: (32) 99921-4861<br>Email: suzanne.resende@santacasadelrei.com.br<br><strong>Documenta\u00e7\u00e3o:<\/strong> RG ou Certid\u00e3o de Nascimento, CPF, Cart\u00e3o Nacional de Sa\u00fade (cart\u00e3o SUS), comprovante de resid\u00eancia.<br>(Benef\u00edciario menor de Idade: trazer a documenta\u00e7\u00e3o do repons\u00e1vel legal)<\/p>\n\n\n\n<p>Fa\u00e7a\u00a0<a href=\"http:\/\/www.santacasadelrei.com.br\/sasc\/wp-content\/uploads\/2025\/06\/Tabela-Comercializacao-SASC-INDIVIDUAL-2025.pdf\" title=\"\">aqui o download<\/a>\u00a0da tabela de pre\u00e7os dos produtos individuais do Plano Sasc.<\/p>\n\n\n\n<p><\/p>\n","protected":false},"excerpt":{"rendered":"<p>PLANOS SASCINDIVIDUAIS &#8211; 2025 1 \u2013 PLANO HOSPITALAR COM OBSTETRICIA EM APARTAMENTO 2 \u2013 PLANO HOSPITALAR SEM OBSTETRICIA EM APARTAMENTO 3 \u2013 PLANO HOSPITALAR COM OBSTETRICIA EM ENFERMARIA 4 \u2013 PLANO HOSPITALAR SEM OBSTETRICIA EM ENFERMARIA FAIXA ET\u00c1RIA 0 a 18 anos R$212,70 R$181,70 R$154,77 R$137,37 19 a 23 anos R$248,71 R$212,48 R$181,08 R$160,68 24&hellip;&nbsp;<a href=\"https:\/\/www.santacasadelrei.com.br\/sasc\/planos\/individual\/\" class=\"\" rel=\"bookmark\">Continue a ler &raquo;<span class=\"screen-reader-text\">Individual<\/span><\/a><\/p>\n","protected":false},"author":1,"featured_media":712,"parent":12,"menu_order":0,"comment_status":"closed","ping_status":"closed","template":"","meta":{"_monsterinsights_skip_tracking":false,"_monsterinsights_sitenote_active":false,"_monsterinsights_sitenote_note":"","_monsterinsights_sitenote_category":0,"neve_meta_sidebar":"","neve_meta_container":"","neve_meta_enable_content_width":"off","neve_meta_content_width":100,"neve_meta_title_alignment":"","neve_meta_author_avatar":"","neve_post_elements_order":"","neve_meta_disable_header":"","neve_meta_disable_footer":"","neve_meta_disable_title":"","_themeisle_gutenberg_block_has_review":false,"_ti_tpc_template_sync":false,"_ti_tpc_template_id":"","footnotes":""},"class_list":["post-62","page","type-page","status-publish","has-post-thumbnail","hentry"],"aioseo_notices":[],"_links":{"self":[{"href":"https:\/\/www.santacasadelrei.com.br\/sasc\/wp-json\/wp\/v2\/pages\/62","targetHints":{"allow":["GET"]}}],"collection":[{"href":"https:\/\/www.santacasadelrei.com.br\/sasc\/wp-json\/wp\/v2\/pages"}],"about":[{"href":"https:\/\/www.santacasadelrei.com.br\/sasc\/wp-json\/wp\/v2\/types\/page"}],"author":[{"embeddable":true,"href":"https:\/\/www.santacasadelrei.com.br\/sasc\/wp-json\/wp\/v2\/users\/1"}],"replies":[{"embeddable":true,"href":"https:\/\/www.santacasadelrei.com.br\/sasc\/wp-json\/wp\/v2\/comments?post=62"}],"version-history":[{"count":24,"href":"https:\/\/www.santacasadelrei.com.br\/sasc\/wp-json\/wp\/v2\/pages\/62\/revisions"}],"predecessor-version":[{"id":828,"href":"https:\/\/www.santacasadelrei.com.br\/sasc\/wp-json\/wp\/v2\/pages\/62\/revisions\/828"}],"up":[{"embeddable":true,"href":"https:\/\/www.santacasadelrei.com.br\/sasc\/wp-json\/wp\/v2\/pages\/12"}],"wp:featuredmedia":[{"embeddable":true,"href":"https:\/\/www.santacasadelrei.com.br\/sasc\/wp-json\/wp\/v2\/media\/712"}],"wp:attachment":[{"href":"https:\/\/www.santacasadelrei.com.br\/sasc\/wp-json\/wp\/v2\/media?parent=62"}],"curies":[{"name":"wp","href":"https:\/\/api.w.org\/{rel}","templated":true}]}}