{"id":554,"date":"2024-04-24T09:26:31","date_gmt":"2024-04-24T12:26:31","guid":{"rendered":"https:\/\/www.santacasadelrei.com.br\/sasc\/?page_id=554"},"modified":"2025-01-30T16:33:59","modified_gmt":"2025-01-30T19:33:59","slug":"idss-2022","status":"publish","type":"page","link":"https:\/\/www.santacasadelrei.com.br\/sasc\/idss-2022\/","title":{"rendered":"IDSS 2022"},"content":{"rendered":"\n<p><p><strong>IDSS 2023 (ano-base 2022)<\/strong><\/p><\/p>\n\n\n\n<p>O Programa de Qualifica\u00e7\u00e3o de Operadoras (PQO) \u00e9 uma inciativa desenvolvida pela Ag\u00eancia Nacional de Sa\u00fade Suplementar (ANS) para avali\u00e7\u00e3o anual do desempenho das operadoras de planos de sa\u00fade. Tem como objetivos o est\u00edmulo da qualidade setorial e a redu\u00e7\u00e3o da assimetria de informa\u00e7\u00e3o, promovendo maior poder de escolha para o benefici\u00e1rio e oferecendo subs\u00eddios para a melhoria da gest\u00e3o das operadoras e das a\u00e7\u00f5es regulat\u00f3rias da ANS.<\/p>\n\n\n\n<p>\u201cMais informa\u00e7\u00f5es pela internet em:&nbsp;<a href=\"http:\/\/www.ans.gov.br\/\" target=\"_blank\" rel=\"noreferrer noopener\">http:\/\/www.ans.gov.br<\/a>&nbsp;\u201c<\/p>\n\n\n\n<p>O IDSS \u00e9 composto por indicadores que s\u00e3o agrupados em quatro dimens\u00f5es.<\/p>\n\n\n\n<p><br>Segue o resultado do IDSS 2023 (ano-base 2022), do SASC:<\/p>\n\n\n\n<figure class=\"wp-block-image size-large\"><img loading=\"lazy\" decoding=\"async\" width=\"1024\" height=\"747\" src=\"http:\/\/www.santacasadelrei.com.br\/novo\/sasc\/wp-content\/uploads\/2024\/04\/idss-2022-1-1024x747.jpg\" alt=\"\" class=\"wp-image-556\" srcset=\"https:\/\/www.santacasadelrei.com.br\/sasc\/wp-content\/uploads\/2024\/04\/idss-2022-1-1024x747.jpg 1024w, https:\/\/www.santacasadelrei.com.br\/sasc\/wp-content\/uploads\/2024\/04\/idss-2022-1-300x219.jpg 300w, https:\/\/www.santacasadelrei.com.br\/sasc\/wp-content\/uploads\/2024\/04\/idss-2022-1-768x560.jpg 768w, https:\/\/www.santacasadelrei.com.br\/sasc\/wp-content\/uploads\/2024\/04\/idss-2022-1-1536x1121.jpg 1536w, https:\/\/www.santacasadelrei.com.br\/sasc\/wp-content\/uploads\/2024\/04\/idss-2022-1-2048x1495.jpg 2048w\" sizes=\"auto, (max-width: 1024px) 100vw, 1024px\" \/><\/figure>\n\n\n\n<figure class=\"wp-block-image size-large\"><img loading=\"lazy\" decoding=\"async\" width=\"770\" height=\"1024\" src=\"http:\/\/www.santacasadelrei.com.br\/novo\/sasc\/wp-content\/uploads\/2024\/04\/idss-2022-2-770x1024.jpg\" alt=\"\" class=\"wp-image-557\" srcset=\"https:\/\/www.santacasadelrei.com.br\/sasc\/wp-content\/uploads\/2024\/04\/idss-2022-2-770x1024.jpg 770w, https:\/\/www.santacasadelrei.com.br\/sasc\/wp-content\/uploads\/2024\/04\/idss-2022-2-226x300.jpg 226w, https:\/\/www.santacasadelrei.com.br\/sasc\/wp-content\/uploads\/2024\/04\/idss-2022-2-768x1022.jpg 768w, https:\/\/www.santacasadelrei.com.br\/sasc\/wp-content\/uploads\/2024\/04\/idss-2022-2-1155x1536.jpg 1155w, https:\/\/www.santacasadelrei.com.br\/sasc\/wp-content\/uploads\/2024\/04\/idss-2022-2-1540x2048.jpg 1540w, https:\/\/www.santacasadelrei.com.br\/sasc\/wp-content\/uploads\/2024\/04\/idss-2022-2-scaled.jpg 1925w\" sizes=\"auto, (max-width: 770px) 100vw, 770px\" \/><\/figure>\n\n\n\n<figure class=\"wp-block-image size-large\"><img loading=\"lazy\" decoding=\"async\" width=\"1024\" height=\"199\" src=\"http:\/\/www.santacasadelrei.com.br\/novo\/sasc\/wp-content\/uploads\/2024\/04\/idss-2022-3-1024x199.jpg\" alt=\"\" class=\"wp-image-558\" srcset=\"https:\/\/www.santacasadelrei.com.br\/sasc\/wp-content\/uploads\/2024\/04\/idss-2022-3-1024x199.jpg 1024w, https:\/\/www.santacasadelrei.com.br\/sasc\/wp-content\/uploads\/2024\/04\/idss-2022-3-300x58.jpg 300w, https:\/\/www.santacasadelrei.com.br\/sasc\/wp-content\/uploads\/2024\/04\/idss-2022-3-768x149.jpg 768w, https:\/\/www.santacasadelrei.com.br\/sasc\/wp-content\/uploads\/2024\/04\/idss-2022-3-1536x298.jpg 1536w, https:\/\/www.santacasadelrei.com.br\/sasc\/wp-content\/uploads\/2024\/04\/idss-2022-3-2048x397.jpg 2048w\" sizes=\"auto, (max-width: 1024px) 100vw, 1024px\" \/><\/figure>\n\n\n\n<p>link do Programa no Portal da ANS:&nbsp;<a href=\"https:\/\/www.gov.br\/ans\/pt-br\" target=\"_blank\" rel=\"noreferrer noopener\">http:\/\/www.ans.gov.br\/planos-de-saude-e-operadoras\/informacoes-e-avaliacoes-de-operadoras\/qualificacao-ans<\/a><\/p>\n","protected":false},"excerpt":{"rendered":"<p>IDSS 2023 (ano-base 2022) O Programa de Qualifica\u00e7\u00e3o de Operadoras (PQO) \u00e9 uma inciativa desenvolvida pela Ag\u00eancia Nacional de Sa\u00fade Suplementar (ANS) para avali\u00e7\u00e3o anual do desempenho das operadoras de planos de sa\u00fade. Tem como objetivos o est\u00edmulo da qualidade setorial e a redu\u00e7\u00e3o da assimetria de informa\u00e7\u00e3o, promovendo maior poder de escolha para o&hellip;&nbsp;<a href=\"https:\/\/www.santacasadelrei.com.br\/sasc\/idss-2022\/\" class=\"\" rel=\"bookmark\">Continue a ler &raquo;<span class=\"screen-reader-text\">IDSS 2022<\/span><\/a><\/p>\n","protected":false},"author":1,"featured_media":712,"parent":0,"menu_order":0,"comment_status":"closed","ping_status":"closed","template":"","meta":{"_monsterinsights_skip_tracking":false,"_monsterinsights_sitenote_active":false,"_monsterinsights_sitenote_note":"","_monsterinsights_sitenote_category":0,"neve_meta_sidebar":"","neve_meta_container":"","neve_meta_enable_content_width":"off","neve_meta_content_width":100,"neve_meta_title_alignment":"","neve_meta_author_avatar":"","neve_post_elements_order":"","neve_meta_disable_header":"","neve_meta_disable_footer":"","neve_meta_disable_title":"","_themeisle_gutenberg_block_has_review":false,"_ti_tpc_template_sync":false,"_ti_tpc_template_id":"","footnotes":""},"class_list":["post-554","page","type-page","status-publish","has-post-thumbnail","hentry"],"aioseo_notices":[],"_links":{"self":[{"href":"https:\/\/www.santacasadelrei.com.br\/sasc\/wp-json\/wp\/v2\/pages\/554","targetHints":{"allow":["GET"]}}],"collection":[{"href":"https:\/\/www.santacasadelrei.com.br\/sasc\/wp-json\/wp\/v2\/pages"}],"about":[{"href":"https:\/\/www.santacasadelrei.com.br\/sasc\/wp-json\/wp\/v2\/types\/page"}],"author":[{"embeddable":true,"href":"https:\/\/www.santacasadelrei.com.br\/sasc\/wp-json\/wp\/v2\/users\/1"}],"replies":[{"embeddable":true,"href":"https:\/\/www.santacasadelrei.com.br\/sasc\/wp-json\/wp\/v2\/comments?post=554"}],"version-history":[{"count":5,"href":"https:\/\/www.santacasadelrei.com.br\/sasc\/wp-json\/wp\/v2\/pages\/554\/revisions"}],"predecessor-version":[{"id":778,"href":"https:\/\/www.santacasadelrei.com.br\/sasc\/wp-json\/wp\/v2\/pages\/554\/revisions\/778"}],"wp:featuredmedia":[{"embeddable":true,"href":"https:\/\/www.santacasadelrei.com.br\/sasc\/wp-json\/wp\/v2\/media\/712"}],"wp:attachment":[{"href":"https:\/\/www.santacasadelrei.com.br\/sasc\/wp-json\/wp\/v2\/media?parent=554"}],"curies":[{"name":"wp","href":"https:\/\/api.w.org\/{rel}","templated":true}]}}