{"id":537,"date":"2024-04-24T08:51:14","date_gmt":"2024-04-24T11:51:14","guid":{"rendered":"https:\/\/www.santacasadelrei.com.br\/sasc\/?page_id=537"},"modified":"2025-01-30T16:32:08","modified_gmt":"2025-01-30T19:32:08","slug":"idss-2019","status":"publish","type":"page","link":"https:\/\/www.santacasadelrei.com.br\/sasc\/idss-2019\/","title":{"rendered":"IDSS 2019"},"content":{"rendered":"\n<p><strong>IDSS 2020 (ano-base 2019)<\/strong><\/p>\n\n\n\n<p>O Programa de Qualifica\u00e7\u00e3o de Operadoras (PQO) \u00e9 uma inciativa desenvolvida pela Ag\u00eancia Nacional de Sa\u00fade Suplementar (ANS) para avali\u00e7\u00e3o anual do desempenho das operadoras de planos de sa\u00fade. Tem como objetivos o est\u00edmulo da qualidade setorial e a redu\u00e7\u00e3o da assimetria de informa\u00e7\u00e3o, promovendo maior poder de escolha para o benefici\u00e1rio e oferecendo subs\u00eddios para a melhoria da gest\u00e3o das operadoras e das a\u00e7\u00f5es regulat\u00f3rias da ANS.<\/p>\n\n\n\n<p>&#8220;Mais informa\u00e7\u00f5es pela internet em:&nbsp;<a href=\"http:\/\/www.ans.gov.br\" target=\"_blank\" rel=\"noopener\" title=\"\">http:\/\/www.ans.gov.br<\/a> &#8220;<\/p>\n\n\n\n<p>O IDSS \u00e9 composto por indicadores que s\u00e3o agrupados em quatro dimens\u00f5es.<\/p>\n\n\n\n<p><br>Segue o resultado do IDSS 2020 (ano-base 2019), do SASC:<\/p>\n\n\n\n<figure class=\"wp-block-image size-large\"><img loading=\"lazy\" decoding=\"async\" width=\"836\" height=\"1024\" src=\"http:\/\/www.santacasadelrei.com.br\/novo\/sasc\/wp-content\/uploads\/2024\/04\/IDSS-2019-1-836x1024.jpg\" alt=\"\" class=\"wp-image-541\" srcset=\"https:\/\/www.santacasadelrei.com.br\/sasc\/wp-content\/uploads\/2024\/04\/IDSS-2019-1-836x1024.jpg 836w, https:\/\/www.santacasadelrei.com.br\/sasc\/wp-content\/uploads\/2024\/04\/IDSS-2019-1-245x300.jpg 245w, https:\/\/www.santacasadelrei.com.br\/sasc\/wp-content\/uploads\/2024\/04\/IDSS-2019-1-768x941.jpg 768w, https:\/\/www.santacasadelrei.com.br\/sasc\/wp-content\/uploads\/2024\/04\/IDSS-2019-1-1254x1536.jpg 1254w, https:\/\/www.santacasadelrei.com.br\/sasc\/wp-content\/uploads\/2024\/04\/IDSS-2019-1-1672x2048.jpg 1672w\" sizes=\"auto, (max-width: 836px) 100vw, 836px\" \/><\/figure>\n\n\n\n<figure class=\"wp-block-image size-large\"><img loading=\"lazy\" decoding=\"async\" width=\"887\" height=\"1024\" src=\"http:\/\/www.santacasadelrei.com.br\/novo\/sasc\/wp-content\/uploads\/2024\/04\/IDSS-2019-2-887x1024.jpg\" alt=\"\" class=\"wp-image-542\" srcset=\"https:\/\/www.santacasadelrei.com.br\/sasc\/wp-content\/uploads\/2024\/04\/IDSS-2019-2-887x1024.jpg 887w, https:\/\/www.santacasadelrei.com.br\/sasc\/wp-content\/uploads\/2024\/04\/IDSS-2019-2-260x300.jpg 260w, https:\/\/www.santacasadelrei.com.br\/sasc\/wp-content\/uploads\/2024\/04\/IDSS-2019-2-768x886.jpg 768w, https:\/\/www.santacasadelrei.com.br\/sasc\/wp-content\/uploads\/2024\/04\/IDSS-2019-2-1331x1536.jpg 1331w, https:\/\/www.santacasadelrei.com.br\/sasc\/wp-content\/uploads\/2024\/04\/IDSS-2019-2-1775x2048.jpg 1775w\" sizes=\"auto, (max-width: 887px) 100vw, 887px\" \/><\/figure>\n\n\n\n<p>link do Programa no Portal da ANS:&nbsp;<a href=\"https:\/\/www.gov.br\/ans\/pt-br\" target=\"_blank\" rel=\"noopener\" title=\"\">http:\/\/www.ans.gov.br\/planos-de-saude-e-operadoras\/informacoes-e-avaliacoes-de-operadoras\/qualificacao-ans<\/a><\/p>\n","protected":false},"excerpt":{"rendered":"<p>IDSS 2020 (ano-base 2019) O Programa de Qualifica\u00e7\u00e3o de Operadoras (PQO) \u00e9 uma inciativa desenvolvida pela Ag\u00eancia Nacional de Sa\u00fade Suplementar (ANS) para avali\u00e7\u00e3o anual do desempenho das operadoras de planos de sa\u00fade. Tem como objetivos o est\u00edmulo da qualidade setorial e a redu\u00e7\u00e3o da assimetria de informa\u00e7\u00e3o, promovendo maior poder de escolha para o&hellip;&nbsp;<a href=\"https:\/\/www.santacasadelrei.com.br\/sasc\/idss-2019\/\" class=\"\" rel=\"bookmark\">Continue a ler &raquo;<span class=\"screen-reader-text\">IDSS 2019<\/span><\/a><\/p>\n","protected":false},"author":1,"featured_media":712,"parent":0,"menu_order":0,"comment_status":"closed","ping_status":"closed","template":"","meta":{"_monsterinsights_skip_tracking":false,"_monsterinsights_sitenote_active":false,"_monsterinsights_sitenote_note":"","_monsterinsights_sitenote_category":0,"neve_meta_sidebar":"","neve_meta_container":"","neve_meta_enable_content_width":"","neve_meta_content_width":0,"neve_meta_title_alignment":"","neve_meta_author_avatar":"","neve_post_elements_order":"","neve_meta_disable_header":"","neve_meta_disable_footer":"","neve_meta_disable_title":"","_themeisle_gutenberg_block_has_review":false,"_ti_tpc_template_sync":false,"_ti_tpc_template_id":"","footnotes":""},"class_list":["post-537","page","type-page","status-publish","has-post-thumbnail","hentry"],"aioseo_notices":[],"_links":{"self":[{"href":"https:\/\/www.santacasadelrei.com.br\/sasc\/wp-json\/wp\/v2\/pages\/537","targetHints":{"allow":["GET"]}}],"collection":[{"href":"https:\/\/www.santacasadelrei.com.br\/sasc\/wp-json\/wp\/v2\/pages"}],"about":[{"href":"https:\/\/www.santacasadelrei.com.br\/sasc\/wp-json\/wp\/v2\/types\/page"}],"author":[{"embeddable":true,"href":"https:\/\/www.santacasadelrei.com.br\/sasc\/wp-json\/wp\/v2\/users\/1"}],"replies":[{"embeddable":true,"href":"https:\/\/www.santacasadelrei.com.br\/sasc\/wp-json\/wp\/v2\/comments?post=537"}],"version-history":[{"count":4,"href":"https:\/\/www.santacasadelrei.com.br\/sasc\/wp-json\/wp\/v2\/pages\/537\/revisions"}],"predecessor-version":[{"id":658,"href":"https:\/\/www.santacasadelrei.com.br\/sasc\/wp-json\/wp\/v2\/pages\/537\/revisions\/658"}],"wp:featuredmedia":[{"embeddable":true,"href":"https:\/\/www.santacasadelrei.com.br\/sasc\/wp-json\/wp\/v2\/media\/712"}],"wp:attachment":[{"href":"https:\/\/www.santacasadelrei.com.br\/sasc\/wp-json\/wp\/v2\/media?parent=537"}],"curies":[{"name":"wp","href":"https:\/\/api.w.org\/{rel}","templated":true}]}}