{"id":497,"date":"2024-04-24T08:15:27","date_gmt":"2024-04-24T11:15:27","guid":{"rendered":"https:\/\/www.santacasadelrei.com.br\/sasc\/?page_id=497"},"modified":"2025-01-30T16:31:41","modified_gmt":"2025-01-30T19:31:41","slug":"idss-2017","status":"publish","type":"page","link":"https:\/\/www.santacasadelrei.com.br\/sasc\/idss-2017\/","title":{"rendered":"IDSS 2017"},"content":{"rendered":"\n<p><strong>IDSS 2018 (ano-base 2017)<\/strong><\/p>\n\n\n\n<p>O Programa de Qualifica\u00e7\u00e3o de Operadoras (PQO) \u00e9 uma inciativa desenvolvida pela Ag\u00eancia Nacional de Sa\u00fade Suplementar (ANS) para avalia\u00e7\u00e3o anual do desempenho das operadoras de planos de sa\u00fade. Tem como objetivos o est\u00edmulo da qualidade setorial e a redu\u00e7\u00e3o da assimetria de informa\u00e7\u00e3o, promovendo maior poder de escolha para o benefici\u00e1rio e oferecendo subs\u00eddios para a melhoria da gest\u00e3o das operadoras e das a\u00e7\u00f5es regulat\u00f3rias da ANS.<\/p>\n\n\n\n<p>\u201cMais informa\u00e7\u00f5es pela internet em:&nbsp;<a href=\"http:\/\/www.ans.gov.br\" target=\"_blank\" rel=\"noopener\" title=\"\">http:\/\/www.ans.gov.br <\/a>&#8220;<\/p>\n\n\n\n<p>O IDSS \u00e9 composto por indicadores que s\u00e3o agrupados em quatro dimens\u00f5es. Segue o resultado do IDSS 2018 (ano-base 2017), do SASC:<\/p>\n\n\n\n<figure class=\"wp-block-image size-full\"><img loading=\"lazy\" decoding=\"async\" width=\"633\" height=\"747\" src=\"http:\/\/www.santacasadelrei.com.br\/novo\/sasc\/wp-content\/uploads\/2024\/04\/image006.jpg\" alt=\"\" class=\"wp-image-507\" srcset=\"https:\/\/www.santacasadelrei.com.br\/sasc\/wp-content\/uploads\/2024\/04\/image006.jpg 633w, https:\/\/www.santacasadelrei.com.br\/sasc\/wp-content\/uploads\/2024\/04\/image006-254x300.jpg 254w\" sizes=\"auto, (max-width: 633px) 100vw, 633px\" \/><\/figure>\n\n\n\n<p>link do Programa no Portal da ANS:&nbsp;<a href=\"http:\/\/www.ans.gov.br\/planos-de-saude-e-operadoras\/informacoes-e-avaliacoes-de-operadoras\/qualificacao-ans\" target=\"_blank\" rel=\"noopener\" title=\"\">http:\/\/www.ans.gov.br\/planos-de-saude-e-operadoras\/informacoes-e-avaliacoes-de-operadoras\/qualificacao-ans<\/a><\/p>\n","protected":false},"excerpt":{"rendered":"<p>IDSS 2018 (ano-base 2017) O Programa de Qualifica\u00e7\u00e3o de Operadoras (PQO) \u00e9 uma inciativa desenvolvida pela Ag\u00eancia Nacional de Sa\u00fade Suplementar (ANS) para avalia\u00e7\u00e3o anual do desempenho das operadoras de planos de sa\u00fade. Tem como objetivos o est\u00edmulo da qualidade setorial e a redu\u00e7\u00e3o da assimetria de informa\u00e7\u00e3o, promovendo maior poder de escolha para o&hellip;&nbsp;<a href=\"https:\/\/www.santacasadelrei.com.br\/sasc\/idss-2017\/\" class=\"\" rel=\"bookmark\">Continue a ler &raquo;<span class=\"screen-reader-text\">IDSS 2017<\/span><\/a><\/p>\n","protected":false},"author":1,"featured_media":712,"parent":0,"menu_order":0,"comment_status":"closed","ping_status":"closed","template":"","meta":{"_monsterinsights_skip_tracking":false,"_monsterinsights_sitenote_active":false,"_monsterinsights_sitenote_note":"","_monsterinsights_sitenote_category":0,"neve_meta_sidebar":"","neve_meta_container":"","neve_meta_enable_content_width":"","neve_meta_content_width":0,"neve_meta_title_alignment":"","neve_meta_author_avatar":"","neve_post_elements_order":"","neve_meta_disable_header":"","neve_meta_disable_footer":"","neve_meta_disable_title":"","_themeisle_gutenberg_block_has_review":false,"_ti_tpc_template_sync":false,"_ti_tpc_template_id":"","footnotes":""},"class_list":["post-497","page","type-page","status-publish","has-post-thumbnail","hentry"],"aioseo_notices":[],"_links":{"self":[{"href":"https:\/\/www.santacasadelrei.com.br\/sasc\/wp-json\/wp\/v2\/pages\/497","targetHints":{"allow":["GET"]}}],"collection":[{"href":"https:\/\/www.santacasadelrei.com.br\/sasc\/wp-json\/wp\/v2\/pages"}],"about":[{"href":"https:\/\/www.santacasadelrei.com.br\/sasc\/wp-json\/wp\/v2\/types\/page"}],"author":[{"embeddable":true,"href":"https:\/\/www.santacasadelrei.com.br\/sasc\/wp-json\/wp\/v2\/users\/1"}],"replies":[{"embeddable":true,"href":"https:\/\/www.santacasadelrei.com.br\/sasc\/wp-json\/wp\/v2\/comments?post=497"}],"version-history":[{"count":7,"href":"https:\/\/www.santacasadelrei.com.br\/sasc\/wp-json\/wp\/v2\/pages\/497\/revisions"}],"predecessor-version":[{"id":656,"href":"https:\/\/www.santacasadelrei.com.br\/sasc\/wp-json\/wp\/v2\/pages\/497\/revisions\/656"}],"wp:featuredmedia":[{"embeddable":true,"href":"https:\/\/www.santacasadelrei.com.br\/sasc\/wp-json\/wp\/v2\/media\/712"}],"wp:attachment":[{"href":"https:\/\/www.santacasadelrei.com.br\/sasc\/wp-json\/wp\/v2\/media?parent=497"}],"curies":[{"name":"wp","href":"https:\/\/api.w.org\/{rel}","templated":true}]}}