{"id":427,"date":"2021-02-16T11:44:42","date_gmt":"2021-02-16T11:44:42","guid":{"rendered":"https:\/\/demosites.io\/neve-3\/?page_id=46"},"modified":"2024-06-07T17:56:35","modified_gmt":"2024-06-07T20:56:35","slug":"7b3c2-homepage","status":"publish","type":"page","link":"https:\/\/www.santacasadelrei.com.br\/sasc\/","title":{"rendered":"Homepage"},"content":{"rendered":"\r\n<div class=\"wp-block-cover alignfull is-light\" style=\"min-height: 600px;aspect-ratio:unset;\"><img decoding=\"async\" class=\"wp-block-cover__image-background wp-image-452\" src=\"http:\/\/www.santacasadelrei.com.br\/sasc\/wp-content\/uploads\/2024\/04\/header.jpg\" alt=\"\" data-object-fit=\"cover\" \/>\r\n<div class=\"wp-block-cover__inner-container is-layout-flow wp-block-cover-is-layout-flow\">\r\n<div class=\"wp-block-spacer\" style=\"height: 40px;\" aria-hidden=\"true\">\u00a0<\/div>\r\n<\/div>\r\n<\/div>\r\n\r\n\r\n\r\n<div class=\"wp-block-spacer\" style=\"height: 40px;\" aria-hidden=\"true\">\u00a0<\/div>\r\n\r\n\r\n\r\n<div class=\"wp-block-columns is-layout-flex wp-container-core-columns-is-layout-9d6595d7 wp-block-columns-is-layout-flex\">\r\n<div class=\"wp-block-column is-vertically-aligned-center is-layout-flow wp-block-column-is-layout-flow\"><div class=\"wp-block-image\">\r\n<figure class=\"aligncenter size-full is-resized\"><img loading=\"lazy\" decoding=\"async\" width=\"500\" height=\"333\" class=\"wp-image-469\" style=\"width: 523px; height: auto;\" src=\"http:\/\/www.santacasadelrei.com.br\/sasc\/wp-content\/uploads\/2024\/04\/plano-sasc-1.jpg\" alt=\"\" srcset=\"https:\/\/www.santacasadelrei.com.br\/sasc\/wp-content\/uploads\/2024\/04\/plano-sasc-1.jpg 500w, https:\/\/www.santacasadelrei.com.br\/sasc\/wp-content\/uploads\/2024\/04\/plano-sasc-1-300x200.jpg 300w\" sizes=\"auto, (max-width: 500px) 100vw, 500px\" \/><\/figure>\r\n<\/div><\/div>\r\n\r\n\r\n\r\n<div class=\"wp-block-column is-vertically-aligned-center is-layout-flow wp-block-column-is-layout-flow\">\r\n<h2 class=\"wp-block-heading\">Consultas e Exames<\/h2>\r\n\r\n\r\n\r\n<p>Aqui no SASC voc\u00ea realizar suas consultas e exames de forma simples e r\u00e1pida.<\/p>\r\n\r\n\r\n\r\n<div class=\"wp-block-buttons is-layout-flex wp-block-buttons-is-layout-flex\">\r\n<div class=\"wp-block-button is-style-primary\"><a class=\"wp-block-button__link wp-element-button\" href=\"http:\/\/santacasadelrei.com.br\/ConsultaPublica\/Consultar.php\">Portal do Benefici\u00e1rio<\/a><\/div>\r\n<\/div>\r\n<\/div>\r\n<\/div>\r\n\r\n\r\n\r\n<p><strong>O SASC<\/strong><\/p>\r\n\r\n\r\n\r\n<p>\u201cA Santa Casa ficou \u00f3rf\u00e3 naquele dia\u201d, diz o cardiologista Paulo C\u00e9sar de Ara\u00fajo Rangel ao lembrar a morte de Tancredo de Almeida Neves, em 21 de abril de 1985. Hoje, mais de tr\u00eas d\u00e9cadas\u00a0depois, a institui\u00e7\u00e3o de sa\u00fade conta com grandes benfeitores do Poder P\u00fablico que a defendem e auxiliam em sua miss\u00e3o de atender os pacientes que a procuram.<\/p>\r\n\r\n\r\n\r\n<p>Mas n\u00e3o era essa a realidade da \u00e9poca. O falecimento de Tancredo marcou a hist\u00f3ria do pa\u00eds. E mudou os rumos da Santa Casa tamb\u00e9m. Ele foi provedor da institui\u00e7\u00e3o entre 1963 e 1970, al\u00e9m de ser um importante protetor do espa\u00e7o que socorria milhares em sua cidade natal. \u201cEle priorizava a sa\u00fade e a tinha como norte na atua\u00e7\u00e3o pol\u00edtica. Sempre foi assim. Exatamente por isso, e por saber da import\u00e2ncia da Santa Casa na regi\u00e3o, ajudava no que fosse preciso para que ela continuasse de p\u00e9. Perd\u00ea-lo foi um baque pessoal e institucional\u201d, lembra Dr. Paulo C\u00e9sar Rangel, que viria a assumir a provedoria exatamente tr\u00eas anos depois.<\/p>\r\n\r\n\r\n\r\n<p>E foi em meio ao baque e \u00e0s d\u00favidas que um novo projeto surgiu: o SASC, plano de sa\u00fade pr\u00f3prio da Santa Casa da Miseric\u00f3rdia.<\/p>\r\n\r\n\r\n\r\n<p><strong>ORIGENS<\/strong><br \/>\u201cFui provedor entre 1988 e 1990. Assumi um cargo que j\u00e1 havia sido do Dr. Ant\u00f4nio de Andrade Reis, um dos maiores nomes da institui\u00e7\u00e3o; e do Tancredo. A morte dele foi equivalente \u00e0 perda do pai em uma fam\u00edlia. Passamos por uma situa\u00e7\u00e3o complicada e lutamos tanto pela sa\u00fade dos pacientes quanto da pr\u00f3pria Santa Casa. Era como se ela respirasse com a ajuda de aparelhos\u201d, conta Rangel enquanto relembra a diminui\u00e7\u00e3o de repasses e recursos importantes para a Casa de Sa\u00fade a partir de 85. \u201cEnt\u00e3o percebemos que a Santa Casa precisava encontrar uma forma de caminhar com as pr\u00f3prias pernas. A\u00ed comecei a acalentar um desejo: o de criar um Plano de Sa\u00fade\u201d, conta.<\/p>\r\n\r\n\r\n\r\n<p>A iniciativa, por\u00e9m, precisava de tempo e apoio para ser implantada. Nada disso faltou. Ao apresentar a proposta ao provedor da \u00e9poca, Dr. Ant\u00f4nio de Andrade Reis Filho, Rangel recebeu motiva\u00e7\u00e3o irrestrita e, em 1992, o SASC foi lan\u00e7ado oficialmente.<\/p>\r\n\r\n\r\n\r\n<p>Uma proposta ousada para uma cidade do interior. \u201cImaginar uma Santa Casa com a pr\u00f3pria operadora de sa\u00fade, naquela \u00e9poca, era\u00a0algo muito dif\u00edcil. Mas tivemos essa coragem. Deu certo\u201d, lembra o cardiologista, que segue como auditor do plano.<\/p>\r\n\r\n\r\n\r\n<p>O SASC \u00e9, hoje, respons\u00e1vel por parte dos recursos que mant\u00eam a Santa Casa aberta. Foi o ponto de partida para a autonomia da institui\u00e7\u00e3o e base de sustento para momentos de crise. Atualmente, cerca de 3,5 mil pessoas contam com o plano de interna\u00e7\u00e3o hospitalar que oferece, ainda, descontos em consultas cl\u00ednicas realizadas dentro da institui\u00e7\u00e3o.<\/p>\r\n\r\n\r\n\r\n<div class=\"wp-block-spacer\" style=\"height: 20px;\" aria-hidden=\"true\">\u00a0<\/div>\r\n\r\n\r\n\r\n<div class=\"wp-block-columns are-vertically-aligned-top is-layout-flex wp-container-core-columns-is-layout-9d6595d7 wp-block-columns-is-layout-flex\">\r\n<div class=\"wp-block-column is-vertically-aligned-top is-layout-flow wp-block-column-is-layout-flow\">\r\n<figure class=\"wp-block-image size-full\"><img loading=\"lazy\" decoding=\"async\" width=\"800\" height=\"800\" class=\"wp-image-473\" src=\"http:\/\/localhost\/santacasanovo\/SASC\/wp-content\/uploads\/2024\/04\/informacoes-sasc.jpg\" alt=\"\" srcset=\"https:\/\/www.santacasadelrei.com.br\/sasc\/wp-content\/uploads\/2024\/04\/informacoes-sasc.jpg 800w, https:\/\/www.santacasadelrei.com.br\/sasc\/wp-content\/uploads\/2024\/04\/informacoes-sasc-300x300.jpg 300w, https:\/\/www.santacasadelrei.com.br\/sasc\/wp-content\/uploads\/2024\/04\/informacoes-sasc-150x150.jpg 150w, https:\/\/www.santacasadelrei.com.br\/sasc\/wp-content\/uploads\/2024\/04\/informacoes-sasc-768x768.jpg 768w, https:\/\/www.santacasadelrei.com.br\/sasc\/wp-content\/uploads\/2024\/04\/informacoes-sasc-400x400.jpg 400w\" sizes=\"auto, (max-width: 800px) 100vw, 800px\" \/><\/figure>\r\n\r\n\r\n\r\n<div class=\"wp-block-spacer\" style=\"height: 16px;\" aria-hidden=\"true\">\u00a0<\/div>\r\n\r\n\r\n\r\n<h3 class=\"wp-block-heading\">Informa\u00e7\u00f5es Autoriza\u00e7\u00e3o de procedimentos<\/h3>\r\n\r\n\r\n\r\n<p>Consulte nossa rede referenciada e encontre os servi\u00e7os m\u00e9dicos mais pr\u00f3ximos de voc\u00ea.<\/p>\r\n<\/div>\r\n\r\n\r\n\r\n<div class=\"wp-block-column is-vertically-aligned-top is-layout-flow wp-block-column-is-layout-flow\">\r\n<figure class=\"wp-block-image size-full\"><img loading=\"lazy\" decoding=\"async\" width=\"800\" height=\"800\" class=\"wp-image-474\" src=\"http:\/\/santacasanovo\/SASC\/wp-content\/uploads\/2024\/04\/laboratorio-sasc.jpg\" alt=\"\" srcset=\"https:\/\/www.santacasadelrei.com.br\/sasc\/wp-content\/uploads\/2024\/04\/laboratorio-sasc.jpg 800w, https:\/\/www.santacasadelrei.com.br\/sasc\/wp-content\/uploads\/2024\/04\/laboratorio-sasc-300x300.jpg 300w, https:\/\/www.santacasadelrei.com.br\/sasc\/wp-content\/uploads\/2024\/04\/laboratorio-sasc-150x150.jpg 150w, https:\/\/www.santacasadelrei.com.br\/sasc\/wp-content\/uploads\/2024\/04\/laboratorio-sasc-768x768.jpg 768w, https:\/\/www.santacasadelrei.com.br\/sasc\/wp-content\/uploads\/2024\/04\/laboratorio-sasc-400x400.jpg 400w\" sizes=\"auto, (max-width: 800px) 100vw, 800px\" \/><\/figure>\r\n\r\n\r\n\r\n<div class=\"wp-block-spacer\" style=\"height: 16px;\" aria-hidden=\"true\">\u00a0<\/div>\r\n\r\n\r\n\r\n<h3 class=\"wp-block-heading\">M\u00e9dicos, laborat\u00f3rios e muito mais<\/h3>\r\n\r\n\r\n\r\n<p>Conhe\u00e7a como \u00e9 a an\u00e1lise das solicita\u00e7\u00f5es de autoriza\u00e7\u00e3o e como consultar.<\/p>\r\n<\/div>\r\n\r\n\r\n\r\n<div class=\"wp-block-column is-vertically-aligned-top is-layout-flow wp-block-column-is-layout-flow\">\r\n<figure class=\"wp-block-image size-full\"><img loading=\"lazy\" decoding=\"async\" width=\"800\" height=\"800\" class=\"wp-image-475\" src=\"http:\/\/santacasanovo\/SASC\/wp-content\/uploads\/2024\/04\/consulta-sasc.jpg\" alt=\"\" srcset=\"https:\/\/www.santacasadelrei.com.br\/sasc\/wp-content\/uploads\/2024\/04\/consulta-sasc.jpg 800w, https:\/\/www.santacasadelrei.com.br\/sasc\/wp-content\/uploads\/2024\/04\/consulta-sasc-300x300.jpg 300w, https:\/\/www.santacasadelrei.com.br\/sasc\/wp-content\/uploads\/2024\/04\/consulta-sasc-150x150.jpg 150w, https:\/\/www.santacasadelrei.com.br\/sasc\/wp-content\/uploads\/2024\/04\/consulta-sasc-768x768.jpg 768w, https:\/\/www.santacasadelrei.com.br\/sasc\/wp-content\/uploads\/2024\/04\/consulta-sasc-400x400.jpg 400w\" sizes=\"auto, (max-width: 800px) 100vw, 800px\" \/><\/figure>\r\n\r\n\r\n\r\n<div class=\"wp-block-spacer\" style=\"height: 16px;\" aria-hidden=\"true\">\u00a0<\/div>\r\n\r\n\r\n\r\n<h3 class=\"wp-block-heading\">Central de Atendimento<br \/>do Benefici\u00e1rio<\/h3>\r\n\r\n\r\n\r\n<p>Tire suas d\u00favidas e conhe\u00e7a os nossos canais para voc\u00ea ter todas as informa\u00e7\u00f5es que precisa.<\/p>\r\n<\/div>\r\n<\/div>\r\n\r\n\r\n\r\n<div class=\"wp-block-spacer\" style=\"height: 40px;\" aria-hidden=\"true\">\u00a0<\/div>\r\n","protected":false},"excerpt":{"rendered":"<p>Consultas e Exames Aqui no SASC voc\u00ea realizar suas consultas e exames de forma simples e r\u00e1pida. O SASC \u201cA Santa Casa ficou \u00f3rf\u00e3 naquele dia\u201d, diz o cardiologista Paulo C\u00e9sar de Ara\u00fajo Rangel ao lembrar a morte de Tancredo de Almeida Neves, em 21 de abril de 1985. Hoje, mais de tr\u00eas d\u00e9cadas\u00a0depois, a&hellip;&nbsp;<a href=\"https:\/\/www.santacasadelrei.com.br\/sasc\/\" class=\"\" rel=\"bookmark\">Continue a ler &raquo;<span class=\"screen-reader-text\">Homepage<\/span><\/a><\/p>\n","protected":false},"author":1,"featured_media":0,"parent":0,"menu_order":0,"comment_status":"closed","ping_status":"closed","template":"","meta":{"_monsterinsights_skip_tracking":false,"_monsterinsights_sitenote_active":false,"_monsterinsights_sitenote_note":"","_monsterinsights_sitenote_category":0,"neve_meta_sidebar":"full-width","neve_meta_container":"full-width","neve_meta_enable_content_width":"on","neve_meta_content_width":70,"neve_meta_title_alignment":"","neve_meta_author_avatar":"","neve_post_elements_order":"","neve_meta_disable_header":"","neve_meta_disable_footer":"","neve_meta_disable_title":"on","_themeisle_gutenberg_block_has_review":false,"_ti_tpc_template_sync":false,"_ti_tpc_template_id":"98yl5t6s3nicwhomkrmc","footnotes":""},"class_list":["post-427","page","type-page","status-publish","hentry"],"aioseo_notices":[],"_links":{"self":[{"href":"https:\/\/www.santacasadelrei.com.br\/sasc\/wp-json\/wp\/v2\/pages\/427","targetHints":{"allow":["GET"]}}],"collection":[{"href":"https:\/\/www.santacasadelrei.com.br\/sasc\/wp-json\/wp\/v2\/pages"}],"about":[{"href":"https:\/\/www.santacasadelrei.com.br\/sasc\/wp-json\/wp\/v2\/types\/page"}],"author":[{"embeddable":true,"href":"https:\/\/www.santacasadelrei.com.br\/sasc\/wp-json\/wp\/v2\/users\/1"}],"replies":[{"embeddable":true,"href":"https:\/\/www.santacasadelrei.com.br\/sasc\/wp-json\/wp\/v2\/comments?post=427"}],"version-history":[{"count":23,"href":"https:\/\/www.santacasadelrei.com.br\/sasc\/wp-json\/wp\/v2\/pages\/427\/revisions"}],"predecessor-version":[{"id":739,"href":"https:\/\/www.santacasadelrei.com.br\/sasc\/wp-json\/wp\/v2\/pages\/427\/revisions\/739"}],"wp:attachment":[{"href":"https:\/\/www.santacasadelrei.com.br\/sasc\/wp-json\/wp\/v2\/media?parent=427"}],"curies":[{"name":"wp","href":"https:\/\/api.w.org\/{rel}","templated":true}]}}