{"id":14,"date":"2024-04-22T17:25:18","date_gmt":"2024-04-22T20:25:18","guid":{"rendered":"http:\/\/localhost\/santacasanovo\/SASC\/?page_id=14"},"modified":"2024-08-19T12:51:31","modified_gmt":"2024-08-19T15:51:31","slug":"medicos","status":"publish","type":"page","link":"https:\/\/www.santacasadelrei.com.br\/sasc\/medicos\/","title":{"rendered":"M\u00c9DICOS"},"content":{"rendered":"\n<figure class=\"wp-block-table\"><table><tbody><tr><td><strong>Dr. Agostinho Sim\u00f5es Coelho<br><\/strong>Ginecologia e Obstetr\u00edcia<br>CRM: 14.486<\/td><td><strong>Dr. Airton Zanetti<br><\/strong>Cirurgia Geral, Ginecologia e Obstetr\u00edcia.<br>CRM: 9.346<\/td><\/tr><tr><td><strong>Dr. Alexandre Ferreira Oliveira<\/strong><br>Cirurgi\u00e3o Oncol\u00f3gico<br>CRM: 28.109<\/td><td><strong>Dr. Allysson Dangelo de Carvalh<\/strong><em>o<br><\/em><em>Medicina Nuclear<br>CRM: 54.177<\/em><\/td><\/tr><tr><td><strong>Dr. Almir Mendon\u00e7a de Almeida<\/strong><br>Otorrinolaringologia<br>CRM: 17.483<\/td><td><strong>Dr. Altamir Arcanjo Zanetti<\/strong><br>Cl\u00ednico Geral<br>CRM: 14936 \u2013 T<\/td><\/tr><tr><td><strong>Dr. Andr\u00e9 Trindade Valadares<br><\/strong>Radiologista<br>CRM: 36.422<\/td><td><strong>Dr. Ant\u00f4nio Maur\u00edcio da Silva Lopes<br><\/strong>Cardiologia e Cl\u00ednica M\u00e9dica<br>CRM: 8.900<\/td><\/tr><tr><td><strong>Dr. Ant\u00f4nio Taier<br><\/strong>Ortopedia e Traumatologia<br>CRM: 7.365<\/td><td><strong>Dr. Atemir Miyahira<br><\/strong>Otorrinolaringologia<br>CRM: 10.676T<\/td><\/tr><tr><td><strong>Dr. Bernardo Silva Correa Alves<\/strong><br>Cirurgia de Cabe\u00e7a e Pesco\u00e7o<br>CRM: 56.874<\/td><td><strong>Dr. Caio M\u00e1rcio Raposo<br><\/strong>Cl\u00ednico Geral<br>CRM: 16.814<\/td><\/tr><tr><td><strong>Dr. Carlos Ant\u00f4nio Neves Teixeira<\/strong><br>Hematologia<br>CRM: 25.414<\/td><td><strong>Dr. Carlos Henrique Nascimento dos Santos<\/strong><br>Anestesista<br>CRM: 30.830<\/td><\/tr><tr><td><strong>Dr. Celso Carlos Lasmar<\/strong><br>Cirurgia Geral<br>CRM: 17.788<\/td><td><strong>Dr. C\u00e9sar Tayer<\/strong><br>Cl\u00ednico Geral e Cirurgia Pl\u00e1stica<br>CRM: 25.468<\/td><\/tr><tr><td><strong>Dr. Cl\u00e1udio Ibraim Costa<br><\/strong>Ortopedia e Traumatologia<br>CRM: 2.037<\/td><td><strong>Dr. Conrado Cristovam Louren\u00e7o Pires<br><\/strong><em>Psiquiatra<br>CRM: 55.895<\/em><\/td><\/tr><tr><td><strong>Dr. Daniel Amaral Zanetti<br><\/strong>Proctologista<br>CRM 45.119<\/td><td><strong>Dr. Diogo Couto de Carvalho<br><\/strong><em>Reumatologia<br>CRM: 63.322<\/em><\/td><\/tr><tr><td><strong>Dr. Eduardo Henrique Leite<br><\/strong>Oftalmologia<br>CRM: 5.824<\/td><td><strong>Dr. Eduardo Luiz Mendon\u00e7a Martins<br><\/strong>Cl\u00ednico Geral e Homeopata<br>CRM: 18.548<\/td><\/tr><tr><td><strong>Dr. Eli de Oliveira Carvalho<br><\/strong>An\u00e1lises Cl\u00ednicas<br>CRF: 2596<\/td><td><strong>Dr. Emanuel Reis Botelho<br><\/strong>Urologia<br>CRM: 31.233<\/td><\/tr><tr><td><strong>Dr. Euclides Garcia de Lima Filho<br><\/strong>Pediatria<br>CRM: 2.919<\/td><td><strong>Dr. F\u00e1bio Faria Grossi Dias<\/strong><br>Radiologista<br>CRM: 45067<\/td><\/tr><tr><td><strong>Dr. Frederico de Castro Escaleira<br><\/strong>Oncologia Cl\u00ednica<br>CRM: 45.390<\/td><td><strong>Dr. Geraldo de Assis Carvalho J\u00fanior<br><\/strong>Otorrinolaringologia<br>CRM: 40.634<\/td><\/tr><tr><td><strong>Dr. Geraldo Ribeiro de Resende<\/strong><br>Clinica Geral<br>CRM: 56.609<\/td><td><strong>Dr. Gilmar Ara\u00fajo de Carvalho<br><\/strong>Ginecologia e Obstetr\u00edcia<br>CRM: 19.454<\/td><\/tr><tr><td><strong>Dr. Guilherme Siqueira Gaede<br><\/strong><em>Pediatra<br>CRM: 64.505<\/em><\/td><td><strong>Dr. Gustavo Henrique de Oliveira<br><\/strong>Neurocirurgi\u00e3o<br>CRM: 55.790<\/td><\/tr><tr><td><strong>Dr. Igor Augusto Fernandes<br><\/strong>Radiologia<br>CRM: 33.823<\/td><td><strong>Dr. Jo\u00e3o Heber Martins da Costa<\/strong><br>Cirurgia Geral<br>CRM: 22.933<\/td><\/tr><tr><td><strong>Dr. Jo\u00e3o Luiz Sbampato de Resende<br><\/strong>Anestesista<br>CRM: 17.729<\/td><td><strong>Dr. Jo\u00e3o Paulo Aureliano Silva<br><\/strong><em>Oncologia Clinica<br>CRM: 53.356<\/em><\/td><\/tr><tr><td><strong>Dr. Jo\u00e3o Ricardo Moreira<br><\/strong>Cirurgi\u00e3o Vascular<br>CRM: 39.913<\/td><td><strong>Dr. Jorge Luiz da Rocha Paranhos<\/strong><br>Neurologia, Neurocirurgia, Intensivista e Cl\u00ednico Geral<br>CRM: 16.331\/S<\/td><\/tr><tr><td><strong>Dr. Jos\u00e9 Fl\u00e1vio Ribeiro de Andrade<br><\/strong>Infectologista e Cl\u00ednico Geral<br>CRM: 9.152<\/td><td><strong>Dr. Jos\u00e9 Gabriel Knuppel<\/strong><br>Cl\u00ednica M\u00e9dica<br>CRM: 25.988-8 T<\/td><\/tr><tr><td><strong>Dr. Juarez Leite Correa Cirurgia<\/strong><br>Pl\u00e1stica<br>CRM: 51730<\/td><td><strong>Dr. Leandro Soares Rocha<\/strong><br>Ortopedia e Traumatologia<br>CRM: 35.512<\/td><\/tr><tr><td><strong>Dr. Leonardo Jardim Vaz de Mello<\/strong><br>Neurologista<br>CRM: 37.268<\/td><td><strong>Dr. Luiz Ant\u00f4nio Neves de Resende<\/strong><br>Pediatra<br>CRM: 12.977<\/td><\/tr><tr><td><strong>Dr. Luiz Ant\u00f4nio Resende Coelho<\/strong><br>Pediatra<br>CRM: 14.619T<\/td><td><strong>Dr. Luiz Carlos \u00c2ngelo Teixeira<\/strong><br>Ginecologia e Obstetr\u00edcia<br>CRM: 17531<\/td><\/tr><tr><td><strong>Dr. Luiz Ney de Assis Fonseca<\/strong><br>Ginecologia e Obstetr\u00edcia<br>CRM: 7.934<\/td><td><strong>Dr. Marcelo Abreu Pedrosa<\/strong><br>Radiologia e Dermatologia<br>CRM: 13.626T<\/td><\/tr><tr><td><strong>Dr. Marcelo de Carvalho Santanna<br><\/strong>F\u00edsico M\u00e9dico \u2013 RA \u2013 0120<br>Supervisor de Radioprote\u00e7\u00e3o \u2013 FT 0176<\/td><td><strong>Dr. Marcelo Ribeiro Valad\u00e3o<\/strong><br>Oftalmologia<br>CRM: 18.131<\/td><\/tr><tr><td><strong>Dr. Marcelo Sim\u00f5es Coelho<\/strong><br>Pediatra<br>CRM: 28829<\/td><td><strong>Dr. M\u00e1rcio Lobato Costa<\/strong><br>Oftalmologia<br>CRM: 19.911<\/td><\/tr><tr><td><strong>Dr. Marcio Reis Botelho<\/strong><br>Psiquiatra<br>CRM: 48064<\/td><td><strong>Dr. Marco Ant\u00f4nio de Ara\u00fajo Rangel<\/strong><br>Anestesiologia, Pneumologia e Cl\u00ednico Geral.<br>CRM: 8.582-T<\/td><\/tr><tr><td><strong>Dr. Mauro C\u00e9sar Tavares de Souza<\/strong><br>Cirurgi\u00e3o Tor\u00e1cico<br>CRM: 59219<\/td><td><strong>Dr. Mauro Pinto de Moraes Filho<\/strong><br>Ortopedia e Traumatologia<br>CRM: 22.760\/T<\/td><\/tr><tr><td><strong>Dr. Natanael Louren\u00e7o Mota<\/strong><br>Neurologia Pedi\u00e1trica<br>CRM: 55964<\/td><td><strong>Dr. Omar Tayer<\/strong><br>Cirurgia Geral<br>CRM: 13.643<\/td><\/tr><tr><td><strong>Dr. Paulo C\u00e9sar de Ara\u00fajo Rangel<\/strong><br>Cardiologia e Cl\u00ednica M\u00e9dica<br>CRM: 5.083<\/td><td><strong>Dr. Paulo Edgard Lopes<\/strong><br>Medicina Nuclear<br>CRM: 6458<\/td><\/tr><tr><td><strong>Dr. Paulo Gustavo F. de Almeida<\/strong><br>Urologia<br>CRM: 10.850S<\/td><td><strong>Dr. Pedro Cordeiro de Andrade Reis<\/strong><br>Urologista<br>CRM: 46.303<\/td><\/tr><tr><td><strong>Dr. Pedro Paulo de Castro Nogueira<\/strong><br>Pediatra<br>CRM: 44104<\/td><td><strong>Dr. Rafael Chaves Ferreira<\/strong><br>Pneumologista<br>CRM: 59777<\/td><\/tr><tr><td><strong>Dr. Roberto Henrique Timponi<\/strong><br>Cirurgia e Traumatologia Buco Maxilo Facial\/ Odontologia Hospitalar<br>CRO: 4381<\/td><td><strong>Dr. Rodrigo Leite Correa<\/strong><br>Cirurgia Pl\u00e1stica<br>CRM: 166137<\/td><\/tr><tr><td><strong>Dr. Rubens Abrantes de Rezende<\/strong><br>Clinico Geral<br>CRM: 7.651<\/td><td><strong>Dr. Rubens Farnese Filho<\/strong><br>Cl\u00ednica M\u00e9dica\/Geriatra<br>CRM: 15.092<\/td><\/tr><tr><td><strong>Dr. S\u00e9rgio Ara\u00fajo Leite de Carvalho<\/strong><br>Cirurgia Pl\u00e1stica<br>CRM: 15.017<\/td><td><strong>Dr. S\u00e9rgio Delfim Marinho Guedes<\/strong><br>Dermatologia<br>CRM: 45.901<\/td><\/tr><tr><td><strong>Dr. S\u00e9rgio Fuks<\/strong><br>Angiologia e Cirurgia Vascular<br>CRM: 20.122\/T<\/td><td><strong>Dr. S\u00e9rgio Geraldo Veloso<\/strong><br>Urologista<br>CRM: 35.622<\/td><\/tr><tr><td><strong>Dr. S\u00e9rgio Machado Domingues<\/strong><br>Reumatologia<br>CRM: 27.413 T<\/td><td><strong>Dr. Tanus Jorge Ramos Bittar<\/strong><br>Cardiologia<br>CRM: 14.192\/T<\/td><\/tr><tr><td><strong>Dr. Tarc\u00edsio Evangelista de Oliveira<\/strong><br>Urologista<br>CRM: 15.997<\/td><td><strong>Dr. Thiago Uch\u00f4a de Resende<\/strong><br>Cardiologia<br>CRM: 39666<\/td><\/tr><tr><td><strong>Dr. Tuffi de Oliveira Haddad<\/strong><br>Ginecologia e Obstetr\u00edcia<br>CRM: 9.497<\/td><td><strong>Dr. Vinicius Jardim Furtado<\/strong><br>Neurologista<br>CRM: 68931<\/td><\/tr><tr><td><strong>Dr. Wilson Pastorini Haddad<\/strong><br>Gastroenterologia<br>CRM: 11.002\/T<\/td><td><strong>Dra. Alais Virginia Ferreira de Souza<\/strong><br>Ginecologia e Obstetr\u00edcia<br>CRM: 062101<\/td><\/tr><tr><td><strong>Dra. Alessandra Silva Santos<br><\/strong>Oftalmologista<br>CRM: 27.280<\/td><td><strong>Dra. Ana Carolina Sbampato de Resende Bassi<\/strong><br>Gastroenterologia<br>CRM: 46583<\/td><\/tr><tr><td><strong>Dra. Ana Carolina Sim\u00f5es Fonseca Valadares<br><\/strong>Pediatra<br>CRM: 36.409<\/td><td><strong>Dra. Ana Fl\u00e1via Mageste Pimentel<br><\/strong>Dermatologia<br>CRM: 13.976<\/td><\/tr><tr><td><strong>Dra. Ana Paula de Paiva Resende<\/strong><br>Clinica Geral e Endocrinologia<br>CRM: 58271<\/td><td><strong>Dra. Carina Meneghini Cunha<br><\/strong>Oftalmologia<br>CRM: 38020<\/td><\/tr><tr><td><strong>Dra. C\u00edntia Josane Teixeira<br><\/strong>Ginecologia e Obstetr\u00edcia<br>CRM: 24.980<\/td><td><strong>Dra. Cristiane Maria Assis Resgalla<br><\/strong>Cirurgia Dentista<br>CRO: 45.416<\/td><\/tr><tr><td><strong>Dra. Cristiane Maria Dil\u00e1scio Detomi<br><\/strong>Pediatria<br>CRM: 26479<\/td><td><strong>Dra. Ednea Concei\u00e7\u00e3o Neves de Resende<br><\/strong>Neurologia e Neurocirurgia<br>CRM: 7.191<\/td><\/tr><tr><td><strong>Dra. Esther Daibert Angelo Manfrini<\/strong><br>Ginecologia e Obstetr\u00edcia<br>CRM: 52550<\/td><td><strong>Dra. Flavia de Oliveira Duarte<\/strong><br>Pediatra<br>CRM: 062273<\/td><\/tr><tr><td><strong>Dra. Gabriella Pricilla Silva<br><\/strong>Pediatra<br>CRM: 52.858<\/td><td><strong>Dra. Isabela Silveira de Resende<\/strong><br>Clinica Geral, Endocrinologia e Nutri\u00e7\u00e3o Enteral e Parenteral<br>CRM: 51947<\/td><\/tr><tr><td><strong>Dra. Isadora Arthur Costa<\/strong><br>Ginecologia e Obstetr\u00edcia<br>CRM: 68301<\/td><td><strong>Dra. Jana\u00edna Teixeira Nunes Silva<br><\/strong>Infectologia e Cl\u00ednica M\u00e9dica<br>CRM: 47118<\/td><\/tr><tr><td><strong>Dra. Joyce Oliveira Assis<br><\/strong>Ginecologia\/Obstetr\u00edcia<br>CRM: 58.850<\/td><td><strong>Dra. Karen Helaine Mendes Bertolin<\/strong><br>Patologista<br>CRM: 058950<\/td><\/tr><tr><td><strong>Dra. Ludmila Leite Sant\u2019Anna Vaz de Mello<br><\/strong>Cirurgi\u00e3 Pl\u00e1stica<br>CRM: 44201<\/td><td><strong>Dra. Luiza Uch\u00f4a de Resende<br><\/strong>Reumatologista<br>CRM: 48821<\/td><\/tr><tr><td><strong>Dra. M\u00e1rcia Reimol de Andrade<br><\/strong>Pediatra<br>CRM: 25.708F<\/td><td><strong>Dra. Maria Celina V. Rangel<br><\/strong>Ginecologia e Obstetr\u00edcia<br>CRM: 16.932\/T<\/td><\/tr><tr><td><strong>Dra. Maria Iracema Uch\u00f4a Resende<br><\/strong>Cl\u00ednica Geral e Cardiologia<br>CRM: 13.547<\/td><td><strong>Dra. Mylvia David Chiaradia<br><\/strong>Pediatria e Cardiologia Pedi\u00e1trica<br>CRM: 41102<\/td><\/tr><tr><td><strong>Dra. Nicole Menezes Rangel<br><\/strong>Ginecologia, Obstetr\u00edcia e Mastologista<br>CRM: 43254<\/td><td><strong>Dra. Patr\u00edcia dos Santos Pinto<br><\/strong>Nefrologista<br>CRM 40773<\/td><\/tr><tr><td><strong>Dra. Patr\u00edcia Silva Rodriguez<\/strong><br>Clinica Geral<br>CRM: 32895<\/td><td><strong>Dra. Patr\u00edcia Teixeira de Resende<br><\/strong>Ginecologia e Obstetr\u00edcia \/ Mastologia<br>CRM: 50.870<\/td><\/tr><tr><td><strong>Dra. Pollyana Maia de Faria<\/strong><br>Dermatologia<br>CRM: 058798<\/td><td><strong>Dra. Tatiana Viegas Rangel<br><\/strong>Coloproctologista<br>CRM: 48.519<\/td><\/tr><tr><td><strong>Dra. Tauana de Sousa Tironi<\/strong><br>Neurologista<br>CRM: 63323<\/td><td><strong>Dra. Terezinha de F\u00e1tima S. Cerqueira<br><\/strong>Anestesista<br>CRM: 18.583T<\/td><\/tr><tr><td><strong>Dra. Val\u00e9ria Alves de Carvalho<br><\/strong>Radiologia<br>CRM: 18.557<\/td><td><strong>Dra. Viviane Angelina de Sousa<br><\/strong>Reumatologia<br>CRM: 31.273<\/td><\/tr><tr><td><strong>Dra. Wanda Bueno Nogueira<br><\/strong>Pediatra<br>CRM: 31.234<\/td><td><strong>Dra. Yana Brasileiro Oliveira Goulart<br><\/strong>Oftalmologia<br>CRM: 37.579<\/td><\/tr><tr><td><strong>Dra.&nbsp;Eveline de Carvalho Rezende Meireles<\/strong><br>Radioterapeuta<br>CRM: 59353<\/td><td><strong>Sr. H\u00e9lio Ribeiro Guedes Filho<br><\/strong>Fisioterapeuta<br>CRF: 1523 \u2013 F<\/td><\/tr><tr><td><strong>Dr. Caio M\u00e1rcio Raposo<br><\/strong>Cl\u00ednico Geral<br>CRM: 16.814<\/td><td><strong>Dr. Euclides Garcia de Lima Filho<br><\/strong>Pediatria<br>CRM: 2.919<\/td><\/tr><tr><td><strong>Dr. Roberto Henrique Timponi<br><\/strong>Cirurgia e Traumatologia Buco Maxilo Facial\/ Odontologia Hospitalar<br>CRO: 4.381<\/td><td><strong>Sr. Marcelo Santos Pereira<br><\/strong>Cirurgi\u00e3o Buco Maxilo Facial<br>CRO: MG 19.170<\/td><\/tr><\/tbody><\/table><\/figure>\n","protected":false},"excerpt":{"rendered":"<p>Dr. Agostinho Sim\u00f5es CoelhoGinecologia e Obstetr\u00edciaCRM: 14.486 Dr. Airton ZanettiCirurgia Geral, Ginecologia e Obstetr\u00edcia.CRM: 9.346 Dr. Alexandre Ferreira OliveiraCirurgi\u00e3o Oncol\u00f3gicoCRM: 28.109 Dr. Allysson Dangelo de CarvalhoMedicina NuclearCRM: 54.177 Dr. Almir Mendon\u00e7a de AlmeidaOtorrinolaringologiaCRM: 17.483 Dr. Altamir Arcanjo ZanettiCl\u00ednico GeralCRM: 14936 \u2013 T Dr. Andr\u00e9 Trindade ValadaresRadiologistaCRM: 36.422 Dr. Ant\u00f4nio Maur\u00edcio da Silva LopesCardiologia e Cl\u00ednica&hellip;&nbsp;<a href=\"https:\/\/www.santacasadelrei.com.br\/sasc\/medicos\/\" class=\"\" rel=\"bookmark\">Continue a ler &raquo;<span class=\"screen-reader-text\">M\u00c9DICOS<\/span><\/a><\/p>\n","protected":false},"author":1,"featured_media":712,"parent":0,"menu_order":0,"comment_status":"closed","ping_status":"closed","template":"","meta":{"_monsterinsights_skip_tracking":false,"_monsterinsights_sitenote_active":false,"_monsterinsights_sitenote_note":"","_monsterinsights_sitenote_category":0,"neve_meta_sidebar":"","neve_meta_container":"","neve_meta_enable_content_width":"off","neve_meta_content_width":100,"neve_meta_title_alignment":"","neve_meta_author_avatar":"","neve_post_elements_order":"","neve_meta_disable_header":"","neve_meta_disable_footer":"","neve_meta_disable_title":"","_themeisle_gutenberg_block_has_review":false,"_ti_tpc_template_sync":false,"_ti_tpc_template_id":"","footnotes":""},"class_list":["post-14","page","type-page","status-publish","has-post-thumbnail","hentry"],"aioseo_notices":[],"_links":{"self":[{"href":"https:\/\/www.santacasadelrei.com.br\/sasc\/wp-json\/wp\/v2\/pages\/14","targetHints":{"allow":["GET"]}}],"collection":[{"href":"https:\/\/www.santacasadelrei.com.br\/sasc\/wp-json\/wp\/v2\/pages"}],"about":[{"href":"https:\/\/www.santacasadelrei.com.br\/sasc\/wp-json\/wp\/v2\/types\/page"}],"author":[{"embeddable":true,"href":"https:\/\/www.santacasadelrei.com.br\/sasc\/wp-json\/wp\/v2\/users\/1"}],"replies":[{"embeddable":true,"href":"https:\/\/www.santacasadelrei.com.br\/sasc\/wp-json\/wp\/v2\/comments?post=14"}],"version-history":[{"count":7,"href":"https:\/\/www.santacasadelrei.com.br\/sasc\/wp-json\/wp\/v2\/pages\/14\/revisions"}],"predecessor-version":[{"id":744,"href":"https:\/\/www.santacasadelrei.com.br\/sasc\/wp-json\/wp\/v2\/pages\/14\/revisions\/744"}],"wp:featuredmedia":[{"embeddable":true,"href":"https:\/\/www.santacasadelrei.com.br\/sasc\/wp-json\/wp\/v2\/media\/712"}],"wp:attachment":[{"href":"https:\/\/www.santacasadelrei.com.br\/sasc\/wp-json\/wp\/v2\/media?parent=14"}],"curies":[{"name":"wp","href":"https:\/\/api.w.org\/{rel}","templated":true}]}}